
{"id":79621,"date":"2024-01-26T11:27:41","date_gmt":"2024-01-26T11:27:41","guid":{"rendered":"https:\/\/www.gorillagrillz.com\/?post_type=product&#038;p=79621"},"modified":"2025-01-20T13:03:44","modified_gmt":"2025-01-20T13:03:44","slug":"trailer-pack-2","status":"publish","type":"product","link":"https:\/\/www.gorillagrillz.com\/pt-pt\/produto\/trailer-pack-2\/","title":{"rendered":"TRAILER PACK"},"content":{"rendered":"<p>O Trailer Pack de 100 gramas de CBD \u00e9 o pack que estavas \u00e0 espera. Finalmente, dispon\u00edvel exclusivamente no nosso site: www.gorillagrill.com<\/p>\n<h2>O que \u00e9 o Trailer Pack de 100 gramas de CBD?<\/h2>\n<p>Este pack \u00e9 a melhor maneira de obter as flores outdoor da Gorilla Grillz ao melhor pre\u00e7o. Pode personalizar o seu pack escolhendo entre as variedades:<\/p>\n<p>Amnesia 47: Nasce do cruzamento entre AK47 e Amnesia Haze, esta flor deslumbra os teus sentidos.<\/p>\n<p>Lemon Haze: S\u00e3o brotos de cannabis que surgem do cruzamento entre Lemon Skunk e Amnesia Haze. Esta flor \u00e9 c\u00edtrica com notas frutadas.<\/p>\n<p>Strawberry: O seu sabor e aroma a morango ir\u00e3o encantar-te desde o primeiro momento.<\/p>\n<p>Orange Cookie: Amantes de CBD, a vossa flor favorita chegou \u00e0 Gorilla Grillz com toques de laranja.<\/p>\n<h2>Por que comprar o trailer pack?<\/h2>\n<p>Gra\u00e7as a este pack, podes experimentar e desfrutar das \u00faltimas novidades em flores de CBD da Gorilla Grillz. Trata-se das variantes outdoor, onde os novos sabores te conquistar\u00e3o por completo.<\/p>\n<p>Al\u00e9m disso, com este pack, obt\u00e9ns o grama de cannabis por 2,70\u20ac. Facilitamos muito! Gra\u00e7as ao trailer pack de 100 gramas de CBD, conseguir\u00e1s a melhor qualidade de CBD ao melhor pre\u00e7o.<\/p>\n<h2>Como combinar o pack trailer?<\/h2>\n<p>A din\u00e2mica do novo pack \u00e9 poder desfrutar das \u00faltimas variedades da Gorilla Grillz sem que a quantidade te deixe a meio.<\/p>\n<p>O ideal seria escolher 25 gramas das 6 variedades: Lemon Haze, Strawberry, Orange Cookies, Amnesia 47, zkittlez, e Carry Kush.<\/p>\n<p>No entanto, se j\u00e1 tens claro qual \u00e9 a tua flor de CBD favorita, podes repeti-la tantas vezes quanto desejares no teu pack personalizado. Podes consultar as an\u00e1lises aqui.<\/p>\n","protected":false},"excerpt":{"rendered":"<p>100 gramas das nossas variedades Outdoor.<br \/>\n2,70\u20ac\/grama neste pack de CBD com 4 sacos de 25 gramas.<\/p>\n<p>*Pack de Flores CBD exclusivo no site.<\/p>\n","protected":false},"featured_media":130944,"comment_status":"open","ping_status":"closed","template":"","meta":{"_acf_changed":false,"site-sidebar-layout":"default","site-content-layout":"","ast-site-content-layout":"default","site-content-style":"default","site-sidebar-style":"default","ast-global-header-display":"","ast-banner-title-visibility":"","ast-main-header-display":"","ast-hfb-above-header-display":"","ast-hfb-below-header-display":"","ast-hfb-mobile-header-display":"","site-post-title":"","ast-breadcrumbs-content":"","ast-featured-img":"","footer-sml-layout":"","ast-disable-related-posts":"","theme-transparent-header-meta":"default","adv-header-id-meta":"","stick-header-meta":"default","header-above-stick-meta":"","header-main-stick-meta":"","header-below-stick-meta":"","astra-migrate-meta-layouts":"set","ast-page-background-enabled":"default","ast-page-background-meta":{"desktop":{"background-color":"var(--ast-global-color-4)","background-image":"","background-repeat":"repeat","background-position":"center center","background-size":"auto","background-attachment":"scroll","background-type":"","background-media":"","overlay-type":"","overlay-color":"","overlay-opacity":"","overlay-gradient":""},"tablet":{"background-color":"","background-image":"","background-repeat":"repeat","background-position":"center center","background-size":"auto","background-attachment":"scroll","background-type":"","background-media":"","overlay-type":"","overlay-color":"","overlay-opacity":"","overlay-gradient":""},"mobile":{"background-color":"","background-image":"","background-repeat":"repeat","background-position":"center center","background-size":"auto","background-attachment":"scroll","background-type":"","background-media":"","overlay-type":"","overlay-color":"","overlay-opacity":"","overlay-gradient":""}},"ast-content-background-meta":{"desktop":{"background-color":"var(--ast-global-color-5)","background-image":"","background-repeat":"repeat","background-position":"center center","background-size":"auto","background-attachment":"scroll","background-type":"","background-media":"","overlay-type":"","overlay-color":"","overlay-opacity":"","overlay-gradient":""},"tablet":{"background-color":"var(--ast-global-color-5)","background-image":"","background-repeat":"repeat","background-position":"center center","background-size":"auto","background-attachment":"scroll","background-type":"","background-media":"","overlay-type":"","overlay-color":"","overlay-opacity":"","overlay-gradient":""},"mobile":{"background-color":"var(--ast-global-color-5)","background-image":"","background-repeat":"repeat","background-position":"center center","background-size":"auto","background-attachment":"scroll","background-type":"","background-media":"","overlay-type":"","overlay-color":"","overlay-opacity":"","overlay-gradient":""}}},"product_brand":[],"product_cat":[1363,5850],"product_tag":[],"class_list":{"0":"post-79621","1":"product","2":"type-product","3":"status-publish","4":"has-post-thumbnail","6":"product_cat-haxixe-cbd","7":"product_cat-packs-cbd","8":"desktop-align-left","9":"tablet-align-left","10":"mobile-align-left","11":"ast-product-gallery-layout-horizontal-slider","12":"ast-product-single-variable","13":"ast-product-tabs-layout-horizontal","15":"first","16":"instock","17":"sale","18":"taxable","19":"shipping-taxable","20":"purchasable","21":"product-type-variable","22":"has-default-attributes"},"acf":[],"_links":{"self":[{"href":"https:\/\/www.gorillagrillz.com\/pt-pt\/wp-json\/wp\/v2\/product\/79621","targetHints":{"allow":["GET"]}}],"collection":[{"href":"https:\/\/www.gorillagrillz.com\/pt-pt\/wp-json\/wp\/v2\/product"}],"about":[{"href":"https:\/\/www.gorillagrillz.com\/pt-pt\/wp-json\/wp\/v2\/types\/product"}],"replies":[{"embeddable":true,"href":"https:\/\/www.gorillagrillz.com\/pt-pt\/wp-json\/wp\/v2\/comments?post=79621"}],"wp:featuredmedia":[{"embeddable":true,"href":"https:\/\/www.gorillagrillz.com\/pt-pt\/wp-json\/wp\/v2\/media\/130944"}],"wp:attachment":[{"href":"https:\/\/www.gorillagrillz.com\/pt-pt\/wp-json\/wp\/v2\/media?parent=79621"}],"wp:term":[{"taxonomy":"product_brand","embeddable":true,"href":"https:\/\/www.gorillagrillz.com\/pt-pt\/wp-json\/wp\/v2\/product_brand?post=79621"},{"taxonomy":"product_cat","embeddable":true,"href":"https:\/\/www.gorillagrillz.com\/pt-pt\/wp-json\/wp\/v2\/product_cat?post=79621"},{"taxonomy":"product_tag","embeddable":true,"href":"https:\/\/www.gorillagrillz.com\/pt-pt\/wp-json\/wp\/v2\/product_tag?post=79621"}],"curies":[{"name":"wp","href":"https:\/\/api.w.org\/{rel}","templated":true}]}}