
{"id":78965,"date":"2022-01-11T14:58:03","date_gmt":"2022-01-11T14:58:03","guid":{"rendered":"https:\/\/www.gorillagrillz.com\/?post_type=product&#038;p=78965"},"modified":"2026-02-09T15:01:12","modified_gmt":"2026-02-09T15:01:12","slug":"strawberry-cbd","status":"publish","type":"product","link":"https:\/\/www.gorillagrillz.com\/pt-pt\/produto\/strawberry-cbd\/","title":{"rendered":"STRAWBERRY CBD"},"content":{"rendered":"<p>As <strong>Strawberry CBD<\/strong> s\u00e3o flores CBD compactas de tamanho m\u00e9dio a grande. Esta flor tem uma cor esverdeada escura e intensa e um aroma doce e frutado. Este bot\u00e3o tem um cheiro frutado com um toque de morango que te far\u00e1 apaixonar por esta variedade. \u00c9 uma verdadeira del\u00edcia de <strong>aromas doces, frutados e ligeiramente picantes<\/strong>.<\/p>\n<p>Sem d\u00favida, \u00e9 uma flor que os amantes do cbd n\u00e3o podem perder. A sua concentra\u00e7\u00e3o de THC (0,2%) e a percentagem de CBD (10-12%) fazem deste bot\u00e3o de cbd um favorito entre os amantes da can\u00e1bis.<\/p>\n<p>Esta flor com sabor a morango \u00e9 legal no quadro europeu porque a sua concentra\u00e7\u00e3o de THC n\u00e3o excede os 0,2% estabelecidos. N\u00e3o tem efeitos psicoactivos.<\/p>\n<p>Se quiser saber mais, visite o nosso blogue sobre como utilizar o cbd.<\/p>\n","protected":false},"excerpt":{"rendered":"<p>Esta variedade de <a href=\"https:\/\/www.gorillagrillz.com\/pt-pt\/flores-cbd\/\">flores com CBD<\/a> tem um aroma distinto que reconhecer\u00e1s assim que abrires o saco. Atinge os sentidos com notas picantes e terrosas combinadas com um potente aroma frutado.<\/p>\n","protected":false},"featured_media":207279,"comment_status":"open","ping_status":"closed","template":"","meta":{"_acf_changed":false,"site-sidebar-layout":"default","site-content-layout":"","ast-site-content-layout":"default","site-content-style":"default","site-sidebar-style":"default","ast-global-header-display":"","ast-banner-title-visibility":"","ast-main-header-display":"","ast-hfb-above-header-display":"","ast-hfb-below-header-display":"","ast-hfb-mobile-header-display":"","site-post-title":"","ast-breadcrumbs-content":"","ast-featured-img":"","footer-sml-layout":"","ast-disable-related-posts":"","theme-transparent-header-meta":"default","adv-header-id-meta":"","stick-header-meta":"default","header-above-stick-meta":"","header-main-stick-meta":"","header-below-stick-meta":"","astra-migrate-meta-layouts":"set","ast-page-background-enabled":"default","ast-page-background-meta":{"desktop":{"background-color":"var(--ast-global-color-4)","background-image":"","background-repeat":"repeat","background-position":"center center","background-size":"auto","background-attachment":"scroll","background-type":"","background-media":"","overlay-type":"","overlay-color":"","overlay-opacity":"","overlay-gradient":""},"tablet":{"background-color":"","background-image":"","background-repeat":"repeat","background-position":"center center","background-size":"auto","background-attachment":"scroll","background-type":"","background-media":"","overlay-type":"","overlay-color":"","overlay-opacity":"","overlay-gradient":""},"mobile":{"background-color":"","background-image":"","background-repeat":"repeat","background-position":"center center","background-size":"auto","background-attachment":"scroll","background-type":"","background-media":"","overlay-type":"","overlay-color":"","overlay-opacity":"","overlay-gradient":""}},"ast-content-background-meta":{"desktop":{"background-color":"var(--ast-global-color-5)","background-image":"","background-repeat":"repeat","background-position":"center center","background-size":"auto","background-attachment":"scroll","background-type":"","background-media":"","overlay-type":"","overlay-color":"","overlay-opacity":"","overlay-gradient":""},"tablet":{"background-color":"var(--ast-global-color-5)","background-image":"","background-repeat":"repeat","background-position":"center center","background-size":"auto","background-attachment":"scroll","background-type":"","background-media":"","overlay-type":"","overlay-color":"","overlay-opacity":"","overlay-gradient":""},"mobile":{"background-color":"var(--ast-global-color-5)","background-image":"","background-repeat":"repeat","background-position":"center center","background-size":"auto","background-attachment":"scroll","background-type":"","background-media":"","overlay-type":"","overlay-color":"","overlay-opacity":"","overlay-gradient":""}}},"product_brand":[],"product_cat":[5537,3249],"product_tag":[5539,5540,5542,5541,3152,704,705,5543,710,711,5538],"class_list":{"0":"post-78965","1":"product","2":"type-product","3":"status-publish","4":"has-post-thumbnail","6":"product_cat-flores-cbd","7":"product_cat-outdoor","8":"product_tag-botao-de-canhamo","9":"product_tag-canhamo-industrial","10":"product_tag-cbd-ao-ar-livre","11":"product_tag-cbd-toledo-pt-pt","12":"product_tag-cbd-vigo-pt-pt","13":"product_tag-cogollo-cannabidiol-pt-pt","14":"product_tag-cogollo-cbd-pt-pt","15":"product_tag-compre-cbd-barato","16":"product_tag-flor-cannabidiol-pt-pt","17":"product_tag-flor-cbd-pt-pt","18":"product_tag-flor-de-canhamo","19":"desktop-align-left","20":"tablet-align-left","21":"mobile-align-left","22":"ast-product-gallery-layout-horizontal-slider","23":"ast-product-single-variable","24":"ast-product-tabs-layout-horizontal","26":"first","27":"instock","28":"taxable","29":"shipping-taxable","30":"purchasable","31":"product-type-variable","32":"has-default-attributes"},"acf":[],"_links":{"self":[{"href":"https:\/\/www.gorillagrillz.com\/pt-pt\/wp-json\/wp\/v2\/product\/78965","targetHints":{"allow":["GET"]}}],"collection":[{"href":"https:\/\/www.gorillagrillz.com\/pt-pt\/wp-json\/wp\/v2\/product"}],"about":[{"href":"https:\/\/www.gorillagrillz.com\/pt-pt\/wp-json\/wp\/v2\/types\/product"}],"replies":[{"embeddable":true,"href":"https:\/\/www.gorillagrillz.com\/pt-pt\/wp-json\/wp\/v2\/comments?post=78965"}],"wp:featuredmedia":[{"embeddable":true,"href":"https:\/\/www.gorillagrillz.com\/pt-pt\/wp-json\/wp\/v2\/media\/207279"}],"wp:attachment":[{"href":"https:\/\/www.gorillagrillz.com\/pt-pt\/wp-json\/wp\/v2\/media?parent=78965"}],"wp:term":[{"taxonomy":"product_brand","embeddable":true,"href":"https:\/\/www.gorillagrillz.com\/pt-pt\/wp-json\/wp\/v2\/product_brand?post=78965"},{"taxonomy":"product_cat","embeddable":true,"href":"https:\/\/www.gorillagrillz.com\/pt-pt\/wp-json\/wp\/v2\/product_cat?post=78965"},{"taxonomy":"product_tag","embeddable":true,"href":"https:\/\/www.gorillagrillz.com\/pt-pt\/wp-json\/wp\/v2\/product_tag?post=78965"}],"curies":[{"name":"wp","href":"https:\/\/api.w.org\/{rel}","templated":true}]}}