
{"id":78939,"date":"2022-02-15T16:00:27","date_gmt":"2022-02-15T16:00:27","guid":{"rendered":"https:\/\/www.gorillagrillz.com\/?post_type=product&#038;p=78939"},"modified":"2026-04-29T11:11:14","modified_gmt":"2026-04-29T11:11:14","slug":"lemon-haze","status":"publish","type":"product","link":"https:\/\/www.gorillagrillz.com\/pt-pt\/produto\/lemon-haze\/","title":{"rendered":"LEMON HAZE CBD"},"content":{"rendered":"<p>O CBD \u00e9 um dos componentes mais presentes na planta cannabis sativa, mais concretamente na segunda. Gorilla grillz tem numerosas variedades de cbd e \u00f3leos de cbd que far\u00e3o as del\u00edcias de todos os teus sentidos. A qualidade dos nossos bot\u00f5es e \u00f3leos \u00e9 suprema e os benef\u00edcios do cbd s\u00e3o numerosos e encontr\u00e1-los-\u00e1 em todas as variedades que oferecemos.<\/p>\n<p>Lemon haze cbd \u00e9 a nova variedade de Gorilla Grillz, bot\u00f5es de marijuana legal com uma elevada percentagem de CBD nas suas flores que te v\u00e3o apaixonar.<\/p>\n<p><strong>O que \u00e9 a lemon haze?<\/strong><\/p>\n<p>Lemon haze \u00e9 a nova variedade de can\u00e1bis da gorilla grillz, uma flor compacta com tons esverdeados escuros e um intenso aroma c\u00edtrico.<\/p>\n<p>Os bot\u00f5es de CBD da Lemon Haze cont\u00eam uma elevada percentagem de cbd, especificamente 10,3%, enquanto cont\u00eam 0,2% de THC, tornando estas flores bot\u00f5es 100% legais dentro do quadro legal europeu.<\/p>\n<p><strong>Os benef\u00edcios do lemon haze cbd<\/strong> s\u00e3o numerosos, o cbd alivia as dores musculares, tornando este produto exatamente o que precisa para a recupera\u00e7\u00e3o muscular ap\u00f3s um treino; se estiver a sofrer de um per\u00edodo de stress e ansiedade, o cbd acalma a mente e relaxa o corpo.<\/p>\n<p><strong>Avalia\u00e7\u00f5es de Lemon cbd<\/strong><\/p>\n<p>A Lemon Haze vai conquistar-te desde o primeiro momento, a qualidade dos seus bot\u00f5es \u00e9 inigual\u00e1vel e o seu intenso aroma c\u00edtrico com notas de lim\u00e3o far\u00e1 desta flor de can\u00e1bis uma das tuas favoritas.<\/p>\n<p><strong>Pre\u00e7o dos bot\u00f5es de Lemon Haze<\/strong><\/p>\n<p>Agora os bot\u00f5es de cbd s\u00e3o mais baratos do que nunca. Compre 25 gramas a granel e receber\u00e1 os melhores bot\u00f5es legais de marijuana em casa por 3 euros por grama.<\/p>\n","protected":false},"excerpt":{"rendered":"<p>Esta variedade de <a href=\"https:\/\/www.gorillagrillz.com\/pt-pt\/flores-cbd\/\">flores CBD<\/a> faz-nos lembrar uma lima verde intensa acabada de colher. Liberta um aroma intenso, como se a tiv\u00e9ssemos acabado de cortar. Com uma predomin\u00e2ncia de citrinos tropicais com notas frutadas e azedas, n\u00e3o acredita em n\u00f3s? Ent\u00e3o sente-se, feche os olhos e deixe que o aroma frutado desta flor o transporte diretamente para as suas f\u00e9rias de ver\u00e3o.<\/p>\n","protected":false},"featured_media":207273,"comment_status":"open","ping_status":"closed","template":"","meta":{"_acf_changed":false,"site-sidebar-layout":"default","site-content-layout":"","ast-site-content-layout":"default","site-content-style":"default","site-sidebar-style":"default","ast-global-header-display":"","ast-banner-title-visibility":"","ast-main-header-display":"","ast-hfb-above-header-display":"","ast-hfb-below-header-display":"","ast-hfb-mobile-header-display":"","site-post-title":"","ast-breadcrumbs-content":"","ast-featured-img":"","footer-sml-layout":"","ast-disable-related-posts":"","theme-transparent-header-meta":"default","adv-header-id-meta":"","stick-header-meta":"default","header-above-stick-meta":"","header-main-stick-meta":"","header-below-stick-meta":"","astra-migrate-meta-layouts":"set","ast-page-background-enabled":"default","ast-page-background-meta":{"desktop":{"background-color":"var(--ast-global-color-4)","background-image":"","background-repeat":"repeat","background-position":"center center","background-size":"auto","background-attachment":"scroll","background-type":"","background-media":"","overlay-type":"","overlay-color":"","overlay-opacity":"","overlay-gradient":""},"tablet":{"background-color":"","background-image":"","background-repeat":"repeat","background-position":"center center","background-size":"auto","background-attachment":"scroll","background-type":"","background-media":"","overlay-type":"","overlay-color":"","overlay-opacity":"","overlay-gradient":""},"mobile":{"background-color":"","background-image":"","background-repeat":"repeat","background-position":"center center","background-size":"auto","background-attachment":"scroll","background-type":"","background-media":"","overlay-type":"","overlay-color":"","overlay-opacity":"","overlay-gradient":""}},"ast-content-background-meta":{"desktop":{"background-color":"var(--ast-global-color-5)","background-image":"","background-repeat":"repeat","background-position":"center center","background-size":"auto","background-attachment":"scroll","background-type":"","background-media":"","overlay-type":"","overlay-color":"","overlay-opacity":"","overlay-gradient":""},"tablet":{"background-color":"var(--ast-global-color-5)","background-image":"","background-repeat":"repeat","background-position":"center center","background-size":"auto","background-attachment":"scroll","background-type":"","background-media":"","overlay-type":"","overlay-color":"","overlay-opacity":"","overlay-gradient":""},"mobile":{"background-color":"var(--ast-global-color-5)","background-image":"","background-repeat":"repeat","background-position":"center center","background-size":"auto","background-attachment":"scroll","background-type":"","background-media":"","overlay-type":"","overlay-color":"","overlay-opacity":"","overlay-gradient":""}}},"product_brand":[],"product_cat":[5537,3249],"product_tag":[5539,5540,5542,5541,3152,704,705,5543,710,711,5538],"class_list":{"0":"post-78939","1":"product","2":"type-product","3":"status-publish","4":"has-post-thumbnail","6":"product_cat-flores-cbd","7":"product_cat-outdoor","8":"product_tag-botao-de-canhamo","9":"product_tag-canhamo-industrial","10":"product_tag-cbd-ao-ar-livre","11":"product_tag-cbd-toledo-pt-pt","12":"product_tag-cbd-vigo-pt-pt","13":"product_tag-cogollo-cannabidiol-pt-pt","14":"product_tag-cogollo-cbd-pt-pt","15":"product_tag-compre-cbd-barato","16":"product_tag-flor-cannabidiol-pt-pt","17":"product_tag-flor-cbd-pt-pt","18":"product_tag-flor-de-canhamo","19":"desktop-align-left","20":"tablet-align-left","21":"mobile-align-left","22":"ast-product-gallery-layout-horizontal-slider","23":"ast-product-single-variable","24":"ast-product-tabs-layout-horizontal","26":"first","27":"instock","28":"taxable","29":"shipping-taxable","30":"purchasable","31":"product-type-variable","32":"has-default-attributes"},"acf":[],"_links":{"self":[{"href":"https:\/\/www.gorillagrillz.com\/pt-pt\/wp-json\/wp\/v2\/product\/78939","targetHints":{"allow":["GET"]}}],"collection":[{"href":"https:\/\/www.gorillagrillz.com\/pt-pt\/wp-json\/wp\/v2\/product"}],"about":[{"href":"https:\/\/www.gorillagrillz.com\/pt-pt\/wp-json\/wp\/v2\/types\/product"}],"replies":[{"embeddable":true,"href":"https:\/\/www.gorillagrillz.com\/pt-pt\/wp-json\/wp\/v2\/comments?post=78939"}],"wp:featuredmedia":[{"embeddable":true,"href":"https:\/\/www.gorillagrillz.com\/pt-pt\/wp-json\/wp\/v2\/media\/207273"}],"wp:attachment":[{"href":"https:\/\/www.gorillagrillz.com\/pt-pt\/wp-json\/wp\/v2\/media?parent=78939"}],"wp:term":[{"taxonomy":"product_brand","embeddable":true,"href":"https:\/\/www.gorillagrillz.com\/pt-pt\/wp-json\/wp\/v2\/product_brand?post=78939"},{"taxonomy":"product_cat","embeddable":true,"href":"https:\/\/www.gorillagrillz.com\/pt-pt\/wp-json\/wp\/v2\/product_cat?post=78939"},{"taxonomy":"product_tag","embeddable":true,"href":"https:\/\/www.gorillagrillz.com\/pt-pt\/wp-json\/wp\/v2\/product_tag?post=78939"}],"curies":[{"name":"wp","href":"https:\/\/api.w.org\/{rel}","templated":true}]}}