
{"id":78907,"date":"2022-02-15T15:59:57","date_gmt":"2022-02-15T15:59:57","guid":{"rendered":"https:\/\/www.gorillagrillz.com\/?post_type=product&#038;p=78907"},"modified":"2026-03-24T10:02:00","modified_gmt":"2026-03-24T10:02:00","slug":"cherry-kush","status":"publish","type":"product","link":"https:\/\/www.gorillagrillz.com\/pt-pt\/produto\/cherry-kush\/","title":{"rendered":"CHERRY KUSH CBD"},"content":{"rendered":"<p>A Cherry krush cbd \u00e9 a nova variante que todos os amantes de cbd t\u00eam estado \u00e0 espera.<\/p>\n<p>Os bot\u00f5es da cherry kush cbd s\u00e3o flores doces com um toque de acidez, dando lugar a um aroma doce e frutado que conquistar\u00e1 os teus sentidos. As flores de CBD cherry kush cbd CBD s\u00e3o compactas, de tamanho m\u00e9dio e de cor esverdeada.<\/p>\n<p>A Gorilla Grillz lan\u00e7a esta variante para completar o seu portef\u00f3lio de produtos com novos sabores e aromas.<\/p>\n<p>Esta flor \u00e9 legal no quadro europeu porque a sua concentra\u00e7\u00e3o de THC n\u00e3o ultrapassa os 0,2% estabelecidos. N\u00e3o tem efeitos psicoactivos.<\/p>\n","protected":false},"excerpt":{"rendered":"<p>Se gosta de coisas doces, esta variedade de <a href=\"https:\/\/www.gorillagrillz.com\/pt-pt\/flores-cbd\/\">flores com CBD<\/a> \u00e9 ideal para si. Ser\u00e1 a cereja perfeita no topo de todas as suas sobremesas. Tem um aroma doce com toques ligeiramente \u00e1cidos no in\u00edcio e termina com notas doces e frutadas. Um perfil arom\u00e1tico vers\u00e1til, uma grande variedade de cheiros que n\u00e3o o deixar\u00e1 indiferente.<\/p>\n","protected":false},"featured_media":130447,"comment_status":"open","ping_status":"closed","template":"","meta":{"_acf_changed":false,"site-sidebar-layout":"default","site-content-layout":"","ast-site-content-layout":"default","site-content-style":"default","site-sidebar-style":"default","ast-global-header-display":"","ast-banner-title-visibility":"","ast-main-header-display":"","ast-hfb-above-header-display":"","ast-hfb-below-header-display":"","ast-hfb-mobile-header-display":"","site-post-title":"","ast-breadcrumbs-content":"","ast-featured-img":"","footer-sml-layout":"","ast-disable-related-posts":"","theme-transparent-header-meta":"default","adv-header-id-meta":"","stick-header-meta":"default","header-above-stick-meta":"","header-main-stick-meta":"","header-below-stick-meta":"","astra-migrate-meta-layouts":"set","ast-page-background-enabled":"default","ast-page-background-meta":{"desktop":{"background-color":"var(--ast-global-color-4)","background-image":"","background-repeat":"repeat","background-position":"center center","background-size":"auto","background-attachment":"scroll","background-type":"","background-media":"","overlay-type":"","overlay-color":"","overlay-opacity":"","overlay-gradient":""},"tablet":{"background-color":"","background-image":"","background-repeat":"repeat","background-position":"center center","background-size":"auto","background-attachment":"scroll","background-type":"","background-media":"","overlay-type":"","overlay-color":"","overlay-opacity":"","overlay-gradient":""},"mobile":{"background-color":"","background-image":"","background-repeat":"repeat","background-position":"center center","background-size":"auto","background-attachment":"scroll","background-type":"","background-media":"","overlay-type":"","overlay-color":"","overlay-opacity":"","overlay-gradient":""}},"ast-content-background-meta":{"desktop":{"background-color":"var(--ast-global-color-5)","background-image":"","background-repeat":"repeat","background-position":"center center","background-size":"auto","background-attachment":"scroll","background-type":"","background-media":"","overlay-type":"","overlay-color":"","overlay-opacity":"","overlay-gradient":""},"tablet":{"background-color":"var(--ast-global-color-5)","background-image":"","background-repeat":"repeat","background-position":"center center","background-size":"auto","background-attachment":"scroll","background-type":"","background-media":"","overlay-type":"","overlay-color":"","overlay-opacity":"","overlay-gradient":""},"mobile":{"background-color":"var(--ast-global-color-5)","background-image":"","background-repeat":"repeat","background-position":"center center","background-size":"auto","background-attachment":"scroll","background-type":"","background-media":"","overlay-type":"","overlay-color":"","overlay-opacity":"","overlay-gradient":""}}},"product_brand":[],"product_cat":[5537,3249],"product_tag":[5539,5540,5542,5541,3152,704,705,5543,710,711,5538],"class_list":{"0":"post-78907","1":"product","2":"type-product","3":"status-publish","4":"has-post-thumbnail","6":"product_cat-flores-cbd","7":"product_cat-outdoor","8":"product_tag-botao-de-canhamo","9":"product_tag-canhamo-industrial","10":"product_tag-cbd-ao-ar-livre","11":"product_tag-cbd-toledo-pt-pt","12":"product_tag-cbd-vigo-pt-pt","13":"product_tag-cogollo-cannabidiol-pt-pt","14":"product_tag-cogollo-cbd-pt-pt","15":"product_tag-compre-cbd-barato","16":"product_tag-flor-cannabidiol-pt-pt","17":"product_tag-flor-cbd-pt-pt","18":"product_tag-flor-de-canhamo","19":"desktop-align-left","20":"tablet-align-left","21":"mobile-align-left","22":"ast-product-gallery-layout-horizontal-slider","23":"ast-product-single-variable","24":"ast-product-tabs-layout-horizontal","26":"first","27":"instock","28":"taxable","29":"shipping-taxable","30":"purchasable","31":"product-type-variable","32":"has-default-attributes"},"acf":[],"_links":{"self":[{"href":"https:\/\/www.gorillagrillz.com\/pt-pt\/wp-json\/wp\/v2\/product\/78907","targetHints":{"allow":["GET"]}}],"collection":[{"href":"https:\/\/www.gorillagrillz.com\/pt-pt\/wp-json\/wp\/v2\/product"}],"about":[{"href":"https:\/\/www.gorillagrillz.com\/pt-pt\/wp-json\/wp\/v2\/types\/product"}],"replies":[{"embeddable":true,"href":"https:\/\/www.gorillagrillz.com\/pt-pt\/wp-json\/wp\/v2\/comments?post=78907"}],"wp:featuredmedia":[{"embeddable":true,"href":"https:\/\/www.gorillagrillz.com\/pt-pt\/wp-json\/wp\/v2\/media\/130447"}],"wp:attachment":[{"href":"https:\/\/www.gorillagrillz.com\/pt-pt\/wp-json\/wp\/v2\/media?parent=78907"}],"wp:term":[{"taxonomy":"product_brand","embeddable":true,"href":"https:\/\/www.gorillagrillz.com\/pt-pt\/wp-json\/wp\/v2\/product_brand?post=78907"},{"taxonomy":"product_cat","embeddable":true,"href":"https:\/\/www.gorillagrillz.com\/pt-pt\/wp-json\/wp\/v2\/product_cat?post=78907"},{"taxonomy":"product_tag","embeddable":true,"href":"https:\/\/www.gorillagrillz.com\/pt-pt\/wp-json\/wp\/v2\/product_tag?post=78907"}],"curies":[{"name":"wp","href":"https:\/\/api.w.org\/{rel}","templated":true}]}}