
{"id":78892,"date":"2022-02-15T09:38:44","date_gmt":"2022-02-15T09:38:44","guid":{"rendered":"https:\/\/www.gorillagrillz.com\/?post_type=product&#038;p=78892"},"modified":"2025-09-08T15:16:17","modified_gmt":"2025-09-08T15:16:17","slug":"amnesia-47","status":"publish","type":"product","link":"https:\/\/www.gorillagrillz.com\/pt-pt\/produto\/amnesia-47\/","title":{"rendered":"AMNESIA 47 CBD"},"content":{"rendered":"<p>Amnesia 47 nasce do cruzamento de duas variedades muito procuradas pelos amantes de CBD, a Amnesia Haze e a AK-47.<\/p>\n<p><strong>O que torna esta flor especial?<\/strong> As suas flores de CBD s\u00e3o muito compactas e t\u00eam um aroma frutado e doce com um toque picante para encantar os seus sentidos.<\/p>\n<p>Esta flor \u00e9 legal no \u00e2mbito europeu, uma vez que a sua concentra\u00e7\u00e3o de THC n\u00e3o excede os 0,2% estabelecidos. Sem efeitos psicoativos.<\/p>\n<p>Se quiser saber mais, visite o nosso blog sobre como usar o CBD.<\/p>\n<p><strong>Comprar CBD<\/strong><\/p>\n<p>Al\u00e9m do seu aroma e sabor, o que o cativar\u00e1 ainda mais \u00e9 o pre\u00e7o: 3,5\u20ac por grama. \u00c9 uma planta de qualidade inigual\u00e1vel a um pre\u00e7o muito acess\u00edvel. Obtenha um pre\u00e7o melhor comprando em bulk 25 gramas.<\/p>\n<p><strong>Opini\u00f5es sobre a Amnesia 47 CBD<\/strong><\/p>\n<p>O cruzamento de dois tipos de variedades j\u00e1 bem estabelecidas no mercado de CBD torna esta flor um produto \u00f3timo. Esta flor \u00e9 perfeita para desfrutar com os seus amigos e experimentar os efeitos que a Amnesia 47 produz.<\/p>\n","protected":false},"excerpt":{"rendered":"<p>A Amnesia 47 \u00e9 uma variedade de<a href=\"https:\/\/www.gorillagrillz.com\/pt-pt\/flores-cbd\/\"> flores CBD<\/a> que nos delicia com tons florais e c\u00edtricos frescos. O resultado \u00e9 uma combina\u00e7\u00e3o suave com tons picantes. Uma variedade com um aroma \u00fanico que n\u00e3o se vai fartar.<\/p>\n","protected":false},"featured_media":207254,"comment_status":"open","ping_status":"closed","template":"","meta":{"_acf_changed":false,"site-sidebar-layout":"default","site-content-layout":"","ast-site-content-layout":"default","site-content-style":"default","site-sidebar-style":"default","ast-global-header-display":"","ast-banner-title-visibility":"","ast-main-header-display":"","ast-hfb-above-header-display":"","ast-hfb-below-header-display":"","ast-hfb-mobile-header-display":"","site-post-title":"","ast-breadcrumbs-content":"","ast-featured-img":"","footer-sml-layout":"","ast-disable-related-posts":"","theme-transparent-header-meta":"default","adv-header-id-meta":"","stick-header-meta":"default","header-above-stick-meta":"","header-main-stick-meta":"","header-below-stick-meta":"","astra-migrate-meta-layouts":"set","ast-page-background-enabled":"default","ast-page-background-meta":{"desktop":{"background-color":"var(--ast-global-color-4)","background-image":"","background-repeat":"repeat","background-position":"center center","background-size":"auto","background-attachment":"scroll","background-type":"","background-media":"","overlay-type":"","overlay-color":"","overlay-opacity":"","overlay-gradient":""},"tablet":{"background-color":"","background-image":"","background-repeat":"repeat","background-position":"center center","background-size":"auto","background-attachment":"scroll","background-type":"","background-media":"","overlay-type":"","overlay-color":"","overlay-opacity":"","overlay-gradient":""},"mobile":{"background-color":"","background-image":"","background-repeat":"repeat","background-position":"center center","background-size":"auto","background-attachment":"scroll","background-type":"","background-media":"","overlay-type":"","overlay-color":"","overlay-opacity":"","overlay-gradient":""}},"ast-content-background-meta":{"desktop":{"background-color":"var(--ast-global-color-5)","background-image":"","background-repeat":"repeat","background-position":"center center","background-size":"auto","background-attachment":"scroll","background-type":"","background-media":"","overlay-type":"","overlay-color":"","overlay-opacity":"","overlay-gradient":""},"tablet":{"background-color":"var(--ast-global-color-5)","background-image":"","background-repeat":"repeat","background-position":"center center","background-size":"auto","background-attachment":"scroll","background-type":"","background-media":"","overlay-type":"","overlay-color":"","overlay-opacity":"","overlay-gradient":""},"mobile":{"background-color":"var(--ast-global-color-5)","background-image":"","background-repeat":"repeat","background-position":"center center","background-size":"auto","background-attachment":"scroll","background-type":"","background-media":"","overlay-type":"","overlay-color":"","overlay-opacity":"","overlay-gradient":""}}},"product_brand":[],"product_cat":[5537,3249],"product_tag":[5539,5540,5542,5541,3152,704,705,5543,710,711,5538],"class_list":{"0":"post-78892","1":"product","2":"type-product","3":"status-publish","4":"has-post-thumbnail","6":"product_cat-flores-cbd","7":"product_cat-outdoor","8":"product_tag-botao-de-canhamo","9":"product_tag-canhamo-industrial","10":"product_tag-cbd-ao-ar-livre","11":"product_tag-cbd-toledo-pt-pt","12":"product_tag-cbd-vigo-pt-pt","13":"product_tag-cogollo-cannabidiol-pt-pt","14":"product_tag-cogollo-cbd-pt-pt","15":"product_tag-compre-cbd-barato","16":"product_tag-flor-cannabidiol-pt-pt","17":"product_tag-flor-cbd-pt-pt","18":"product_tag-flor-de-canhamo","19":"desktop-align-left","20":"tablet-align-left","21":"mobile-align-left","22":"ast-product-gallery-layout-horizontal-slider","23":"ast-product-single-variable","24":"ast-product-tabs-layout-horizontal","26":"first","27":"instock","28":"taxable","29":"shipping-taxable","30":"purchasable","31":"product-type-variable","32":"has-default-attributes"},"acf":[],"_links":{"self":[{"href":"https:\/\/www.gorillagrillz.com\/pt-pt\/wp-json\/wp\/v2\/product\/78892","targetHints":{"allow":["GET"]}}],"collection":[{"href":"https:\/\/www.gorillagrillz.com\/pt-pt\/wp-json\/wp\/v2\/product"}],"about":[{"href":"https:\/\/www.gorillagrillz.com\/pt-pt\/wp-json\/wp\/v2\/types\/product"}],"replies":[{"embeddable":true,"href":"https:\/\/www.gorillagrillz.com\/pt-pt\/wp-json\/wp\/v2\/comments?post=78892"}],"wp:featuredmedia":[{"embeddable":true,"href":"https:\/\/www.gorillagrillz.com\/pt-pt\/wp-json\/wp\/v2\/media\/207254"}],"wp:attachment":[{"href":"https:\/\/www.gorillagrillz.com\/pt-pt\/wp-json\/wp\/v2\/media?parent=78892"}],"wp:term":[{"taxonomy":"product_brand","embeddable":true,"href":"https:\/\/www.gorillagrillz.com\/pt-pt\/wp-json\/wp\/v2\/product_brand?post=78892"},{"taxonomy":"product_cat","embeddable":true,"href":"https:\/\/www.gorillagrillz.com\/pt-pt\/wp-json\/wp\/v2\/product_cat?post=78892"},{"taxonomy":"product_tag","embeddable":true,"href":"https:\/\/www.gorillagrillz.com\/pt-pt\/wp-json\/wp\/v2\/product_tag?post=78892"}],"curies":[{"name":"wp","href":"https:\/\/api.w.org\/{rel}","templated":true}]}}