
{"id":78791,"date":"2021-07-07T09:05:42","date_gmt":"2021-07-07T09:05:42","guid":{"rendered":"https:\/\/www.gorillagrillz.com\/?post_type=product&#038;p=78791"},"modified":"2025-06-02T15:41:55","modified_gmt":"2025-06-02T15:41:55","slug":"relax-drops-25","status":"publish","type":"product","link":"https:\/\/www.gorillagrillz.com\/pt-pt\/produto\/relax-drops-25\/","title":{"rendered":"\u00d3LEO CBD 25% RELAX DROPS | 2500 mg &#8211; 10ml"},"content":{"rendered":"","protected":false},"excerpt":{"rendered":"<p>Descubra o <a href=\"https:\/\/www.gorillagrillz.com\/pt-pt\/oleo-cbd\/\">\u00f3leo de CBD <\/a>25 por cento da Gorilla Grillz. Com uma base de \u00f3leo de coco org\u00e2nico, envolvendo o \u00f3leo mais puro, obtido utilizando t\u00e9cnicas de extra\u00e7\u00e3o, purifica\u00e7\u00e3o e filtragem de ponta. Descubra por que \u00e9 um dos produtos mais procurados na nossa linha de \u00f3leo de CBD e \u00f3leo de CBD de espectro completo.<\/p>\n","protected":false},"featured_media":130604,"comment_status":"open","ping_status":"closed","template":"","meta":{"_acf_changed":false,"site-sidebar-layout":"default","site-content-layout":"","ast-site-content-layout":"default","site-content-style":"default","site-sidebar-style":"default","ast-global-header-display":"","ast-banner-title-visibility":"","ast-main-header-display":"","ast-hfb-above-header-display":"","ast-hfb-below-header-display":"","ast-hfb-mobile-header-display":"","site-post-title":"","ast-breadcrumbs-content":"","ast-featured-img":"","footer-sml-layout":"","ast-disable-related-posts":"","theme-transparent-header-meta":"default","adv-header-id-meta":"","stick-header-meta":"default","header-above-stick-meta":"","header-main-stick-meta":"","header-below-stick-meta":"","astra-migrate-meta-layouts":"set","ast-page-background-enabled":"default","ast-page-background-meta":{"desktop":{"background-color":"var(--ast-global-color-4)","background-image":"","background-repeat":"repeat","background-position":"center center","background-size":"auto","background-attachment":"scroll","background-type":"","background-media":"","overlay-type":"","overlay-color":"","overlay-opacity":"","overlay-gradient":""},"tablet":{"background-color":"","background-image":"","background-repeat":"repeat","background-position":"center center","background-size":"auto","background-attachment":"scroll","background-type":"","background-media":"","overlay-type":"","overlay-color":"","overlay-opacity":"","overlay-gradient":""},"mobile":{"background-color":"","background-image":"","background-repeat":"repeat","background-position":"center center","background-size":"auto","background-attachment":"scroll","background-type":"","background-media":"","overlay-type":"","overlay-color":"","overlay-opacity":"","overlay-gradient":""}},"ast-content-background-meta":{"desktop":{"background-color":"var(--ast-global-color-5)","background-image":"","background-repeat":"repeat","background-position":"center center","background-size":"auto","background-attachment":"scroll","background-type":"","background-media":"","overlay-type":"","overlay-color":"","overlay-opacity":"","overlay-gradient":""},"tablet":{"background-color":"var(--ast-global-color-5)","background-image":"","background-repeat":"repeat","background-position":"center center","background-size":"auto","background-attachment":"scroll","background-type":"","background-media":"","overlay-type":"","overlay-color":"","overlay-opacity":"","overlay-gradient":""},"mobile":{"background-color":"var(--ast-global-color-5)","background-image":"","background-repeat":"repeat","background-position":"center center","background-size":"auto","background-attachment":"scroll","background-type":"","background-media":"","overlay-type":"","overlay-color":"","overlay-opacity":"","overlay-gradient":""}}},"product_brand":[],"product_cat":[3232,3237,3234],"product_tag":[702,5563,3152,5643,5612,5613,706,707,5564,5565,5568,5566,717,718],"class_list":{"0":"post-78791","1":"product","2":"type-product","3":"status-publish","4":"has-post-thumbnail","6":"product_cat-10ml","7":"product_cat-30ml","8":"product_cat-espectro-completo","9":"product_tag-beneficios-cbd-pt-pt","10":"product_tag-beneficios-do-oleo-cbd","11":"product_tag-cbd-vigo-pt-pt","12":"product_tag-cbd-ol-pt-pt","13":"product_tag-comprar-cbd-baleares-pt-pt","14":"product_tag-comprar-cbd-canarias-pt-pt","15":"product_tag-comprar-cbd-espana-pt-pt","16":"product_tag-comprar-cbd-online-pt-pt","17":"product_tag-compre-oleo-cbd","18":"product_tag-compre-oleo-cbd-no-reino-unido","19":"product_tag-oleo-de-canabidiol","20":"product_tag-venda-espanha-oleo-cbd","21":"product_tag-venta-espana-cbd-pt-pt","22":"product_tag-venta-online-cbd-pt-pt","23":"desktop-align-left","24":"tablet-align-left","25":"mobile-align-left","26":"ast-product-gallery-layout-horizontal-slider","27":"ast-product-single-variable","28":"ast-product-tabs-layout-horizontal","30":"first","31":"instock","32":"taxable","33":"shipping-taxable","34":"purchasable","35":"product-type-variable","36":"has-default-attributes"},"acf":[],"_links":{"self":[{"href":"https:\/\/www.gorillagrillz.com\/pt-pt\/wp-json\/wp\/v2\/product\/78791","targetHints":{"allow":["GET"]}}],"collection":[{"href":"https:\/\/www.gorillagrillz.com\/pt-pt\/wp-json\/wp\/v2\/product"}],"about":[{"href":"https:\/\/www.gorillagrillz.com\/pt-pt\/wp-json\/wp\/v2\/types\/product"}],"replies":[{"embeddable":true,"href":"https:\/\/www.gorillagrillz.com\/pt-pt\/wp-json\/wp\/v2\/comments?post=78791"}],"wp:featuredmedia":[{"embeddable":true,"href":"https:\/\/www.gorillagrillz.com\/pt-pt\/wp-json\/wp\/v2\/media\/130604"}],"wp:attachment":[{"href":"https:\/\/www.gorillagrillz.com\/pt-pt\/wp-json\/wp\/v2\/media?parent=78791"}],"wp:term":[{"taxonomy":"product_brand","embeddable":true,"href":"https:\/\/www.gorillagrillz.com\/pt-pt\/wp-json\/wp\/v2\/product_brand?post=78791"},{"taxonomy":"product_cat","embeddable":true,"href":"https:\/\/www.gorillagrillz.com\/pt-pt\/wp-json\/wp\/v2\/product_cat?post=78791"},{"taxonomy":"product_tag","embeddable":true,"href":"https:\/\/www.gorillagrillz.com\/pt-pt\/wp-json\/wp\/v2\/product_tag?post=78791"}],"curies":[{"name":"wp","href":"https:\/\/api.w.org\/{rel}","templated":true}]}}