
{"id":77978,"date":"2021-02-06T19:06:13","date_gmt":"2021-02-06T19:06:13","guid":{"rendered":"https:\/\/www.gorillagrillz.com\/?post_type=product&#038;p=77978"},"modified":"2026-02-02T16:49:55","modified_gmt":"2026-02-02T16:49:55","slug":"jungle-pack","status":"publish","type":"product","link":"https:\/\/www.gorillagrillz.com\/pt-pt\/produto\/jungle-pack\/","title":{"rendered":"JUNGLE PACK"},"content":{"rendered":"","protected":false},"excerpt":{"rendered":"<p>O Sr. Grillz est\u00e1 generoso, permitindo-nos criar este pacote para que possam experimentar as 4 primeiras variedades, e tamb\u00e9m para que os vossos amigos possam experimentar!<\/p>\n<p>O <a href=\"https:\/\/www.gorillagrillz.com\/pt-pt\/packs-cbd-nd\/\">pacote de CBD<\/a> inclui autocolantes e uma caixa.<\/p>\n<p>*O moedor j\u00e1 n\u00e3o est\u00e1 inclu\u00eddo no pacote devido ao fim de estoque.<\/p>\n<p><img decoding=\"async\" class=\"alignnone wp-image-77979\" src=\"https:\/\/www.gorillagrillz.com\/wp-content\/uploads\/2021\/02\/1_540x.png\" alt=\"\" width=\"150\" height=\"150\" srcset=\"https:\/\/www.gorillagrillz.com\/wp-content\/uploads\/2021\/02\/1_540x.png 540w, https:\/\/www.gorillagrillz.com\/wp-content\/uploads\/2021\/02\/1_540x-100x100.png 100w\" sizes=\"(max-width: 150px) 100vw, 150px\" \/>\u00a0<img decoding=\"async\" class=\"alignnone wp-image-77980\" src=\"https:\/\/www.gorillagrillz.com\/wp-content\/uploads\/2021\/02\/2_540x.png\" alt=\"\" width=\"150\" height=\"150\" srcset=\"https:\/\/www.gorillagrillz.com\/wp-content\/uploads\/2021\/02\/2_540x.png 540w, https:\/\/www.gorillagrillz.com\/wp-content\/uploads\/2021\/02\/2_540x-100x100.png 100w\" sizes=\"(max-width: 150px) 100vw, 150px\" \/>\u00a0<img decoding=\"async\" class=\"alignnone wp-image-77982\" src=\"https:\/\/www.gorillagrillz.com\/wp-content\/uploads\/2021\/02\/3_540x.png\" alt=\"\" width=\"150\" height=\"150\" srcset=\"https:\/\/www.gorillagrillz.com\/wp-content\/uploads\/2021\/02\/3_540x.png 540w, https:\/\/www.gorillagrillz.com\/wp-content\/uploads\/2021\/02\/3_540x-100x100.png 100w\" sizes=\"(max-width: 150px) 100vw, 150px\" \/>\u00a0<img loading=\"lazy\" decoding=\"async\" class=\"alignnone wp-image-77983\" src=\"https:\/\/www.gorillagrillz.com\/wp-content\/uploads\/2021\/02\/4_540x.png\" alt=\"comprar cbd\" width=\"150\" height=\"150\" srcset=\"https:\/\/www.gorillagrillz.com\/wp-content\/uploads\/2021\/02\/4_540x.png 540w, https:\/\/www.gorillagrillz.com\/wp-content\/uploads\/2021\/02\/4_540x-100x100.png 100w\" sizes=\"(max-width: 150px) 100vw, 150px\" \/><\/p>\n","protected":false},"featured_media":207485,"comment_status":"open","ping_status":"closed","template":"","meta":{"_acf_changed":false,"site-sidebar-layout":"default","site-content-layout":"","ast-site-content-layout":"default","site-content-style":"default","site-sidebar-style":"default","ast-global-header-display":"","ast-banner-title-visibility":"","ast-main-header-display":"","ast-hfb-above-header-display":"","ast-hfb-below-header-display":"","ast-hfb-mobile-header-display":"","site-post-title":"","ast-breadcrumbs-content":"","ast-featured-img":"","footer-sml-layout":"","ast-disable-related-posts":"","theme-transparent-header-meta":"default","adv-header-id-meta":"","stick-header-meta":"default","header-above-stick-meta":"","header-main-stick-meta":"","header-below-stick-meta":"","astra-migrate-meta-layouts":"set","ast-page-background-enabled":"default","ast-page-background-meta":{"desktop":{"background-color":"var(--ast-global-color-4)","background-image":"","background-repeat":"repeat","background-position":"center center","background-size":"auto","background-attachment":"scroll","background-type":"","background-media":"","overlay-type":"","overlay-color":"","overlay-opacity":"","overlay-gradient":""},"tablet":{"background-color":"","background-image":"","background-repeat":"repeat","background-position":"center center","background-size":"auto","background-attachment":"scroll","background-type":"","background-media":"","overlay-type":"","overlay-color":"","overlay-opacity":"","overlay-gradient":""},"mobile":{"background-color":"","background-image":"","background-repeat":"repeat","background-position":"center center","background-size":"auto","background-attachment":"scroll","background-type":"","background-media":"","overlay-type":"","overlay-color":"","overlay-opacity":"","overlay-gradient":""}},"ast-content-background-meta":{"desktop":{"background-color":"var(--ast-global-color-5)","background-image":"","background-repeat":"repeat","background-position":"center center","background-size":"auto","background-attachment":"scroll","background-type":"","background-media":"","overlay-type":"","overlay-color":"","overlay-opacity":"","overlay-gradient":""},"tablet":{"background-color":"var(--ast-global-color-5)","background-image":"","background-repeat":"repeat","background-position":"center center","background-size":"auto","background-attachment":"scroll","background-type":"","background-media":"","overlay-type":"","overlay-color":"","overlay-opacity":"","overlay-gradient":""},"mobile":{"background-color":"var(--ast-global-color-5)","background-image":"","background-repeat":"repeat","background-position":"center center","background-size":"auto","background-attachment":"scroll","background-type":"","background-media":"","overlay-type":"","overlay-color":"","overlay-opacity":"","overlay-gradient":""}}},"product_brand":[],"product_cat":[5537,5639,5850],"product_tag":[702,5611,5614,713],"class_list":{"0":"post-77978","1":"product","2":"type-product","3":"status-publish","4":"has-post-thumbnail","6":"product_cat-flores-cbd","7":"product_cat-indoor","8":"product_cat-packs-cbd","9":"product_tag-beneficios-cbd-pt-pt","10":"product_tag-cbd-indoor-pt-pt","11":"product_tag-flores-cannabidiol-pt-pt","12":"product_tag-gelato-cbd-pt-pt","13":"desktop-align-left","14":"tablet-align-left","15":"mobile-align-left","16":"ast-product-gallery-layout-horizontal-slider","17":"ast-product-single-variable","18":"ast-product-tabs-layout-horizontal","20":"first","21":"outofstock","22":"sale","23":"taxable","24":"shipping-taxable","25":"purchasable","26":"product-type-variable","27":"has-default-attributes"},"acf":[],"_links":{"self":[{"href":"https:\/\/www.gorillagrillz.com\/pt-pt\/wp-json\/wp\/v2\/product\/77978","targetHints":{"allow":["GET"]}}],"collection":[{"href":"https:\/\/www.gorillagrillz.com\/pt-pt\/wp-json\/wp\/v2\/product"}],"about":[{"href":"https:\/\/www.gorillagrillz.com\/pt-pt\/wp-json\/wp\/v2\/types\/product"}],"replies":[{"embeddable":true,"href":"https:\/\/www.gorillagrillz.com\/pt-pt\/wp-json\/wp\/v2\/comments?post=77978"}],"wp:featuredmedia":[{"embeddable":true,"href":"https:\/\/www.gorillagrillz.com\/pt-pt\/wp-json\/wp\/v2\/media\/207485"}],"wp:attachment":[{"href":"https:\/\/www.gorillagrillz.com\/pt-pt\/wp-json\/wp\/v2\/media?parent=77978"}],"wp:term":[{"taxonomy":"product_brand","embeddable":true,"href":"https:\/\/www.gorillagrillz.com\/pt-pt\/wp-json\/wp\/v2\/product_brand?post=77978"},{"taxonomy":"product_cat","embeddable":true,"href":"https:\/\/www.gorillagrillz.com\/pt-pt\/wp-json\/wp\/v2\/product_cat?post=77978"},{"taxonomy":"product_tag","embeddable":true,"href":"https:\/\/www.gorillagrillz.com\/pt-pt\/wp-json\/wp\/v2\/product_tag?post=77978"}],"curies":[{"name":"wp","href":"https:\/\/api.w.org\/{rel}","templated":true}]}}