
{"id":77965,"date":"2021-12-20T15:38:53","date_gmt":"2021-12-20T15:38:53","guid":{"rendered":"https:\/\/www.gorillagrillz.com\/?post_type=product&#038;p=77965"},"modified":"2025-10-28T08:53:30","modified_gmt":"2025-10-28T08:53:30","slug":"oleo-cbd-pack","status":"publish","type":"product","link":"https:\/\/www.gorillagrillz.com\/pt-pt\/produto\/oleo-cbd-pack\/","title":{"rendered":"OIL CBD PACK"},"content":{"rendered":"","protected":false},"excerpt":{"rendered":"<p>Pacote de <a href=\"https:\/\/www.gorillagrillz.com\/pt-pt\/oleo-cbd\/\">\u00f3leo de CBD<\/a> 10-40% da Gorilla Grillz, a escolher 2 ou 3 entre todas as variedades de \u00f3leos de canabidiol com este <a href=\"https:\/\/www.gorillagrillz.com\/pt-pt\/packs-cbd-nd\/\">pacote de CBD<\/a>.<\/p>\n<p>Ainda n\u00e3o conheces os nossos \u00f3leos? Come\u00e7a por aqui. E aproveita um desconto por quantidade ao comprar 2 unidades de \u00f3leo de CBD.<\/p>\n","protected":false},"featured_media":130612,"comment_status":"open","ping_status":"closed","template":"","meta":{"_acf_changed":false,"site-sidebar-layout":"default","site-content-layout":"","ast-site-content-layout":"default","site-content-style":"default","site-sidebar-style":"default","ast-global-header-display":"","ast-banner-title-visibility":"","ast-main-header-display":"","ast-hfb-above-header-display":"","ast-hfb-below-header-display":"","ast-hfb-mobile-header-display":"","site-post-title":"","ast-breadcrumbs-content":"","ast-featured-img":"","footer-sml-layout":"","ast-disable-related-posts":"","theme-transparent-header-meta":"default","adv-header-id-meta":"","stick-header-meta":"default","header-above-stick-meta":"","header-main-stick-meta":"","header-below-stick-meta":"","astra-migrate-meta-layouts":"set","ast-page-background-enabled":"default","ast-page-background-meta":{"desktop":{"background-color":"var(--ast-global-color-4)","background-image":"","background-repeat":"repeat","background-position":"center center","background-size":"auto","background-attachment":"scroll","background-type":"","background-media":"","overlay-type":"","overlay-color":"","overlay-opacity":"","overlay-gradient":""},"tablet":{"background-color":"","background-image":"","background-repeat":"repeat","background-position":"center center","background-size":"auto","background-attachment":"scroll","background-type":"","background-media":"","overlay-type":"","overlay-color":"","overlay-opacity":"","overlay-gradient":""},"mobile":{"background-color":"","background-image":"","background-repeat":"repeat","background-position":"center center","background-size":"auto","background-attachment":"scroll","background-type":"","background-media":"","overlay-type":"","overlay-color":"","overlay-opacity":"","overlay-gradient":""}},"ast-content-background-meta":{"desktop":{"background-color":"var(--ast-global-color-5)","background-image":"","background-repeat":"repeat","background-position":"center center","background-size":"auto","background-attachment":"scroll","background-type":"","background-media":"","overlay-type":"","overlay-color":"","overlay-opacity":"","overlay-gradient":""},"tablet":{"background-color":"var(--ast-global-color-5)","background-image":"","background-repeat":"repeat","background-position":"center center","background-size":"auto","background-attachment":"scroll","background-type":"","background-media":"","overlay-type":"","overlay-color":"","overlay-opacity":"","overlay-gradient":""},"mobile":{"background-color":"var(--ast-global-color-5)","background-image":"","background-repeat":"repeat","background-position":"center center","background-size":"auto","background-attachment":"scroll","background-type":"","background-media":"","overlay-type":"","overlay-color":"","overlay-opacity":"","overlay-gradient":""}}},"product_brand":[],"product_cat":[3232,3237,3236,3234,5850],"product_tag":[702,5563,5643,5612,5613,706,707,5564,5565,5568,5569,5566,717,718],"class_list":{"0":"post-77965","1":"product","2":"type-product","3":"status-publish","4":"has-post-thumbnail","6":"product_cat-10ml","7":"product_cat-30ml","8":"product_cat-oleo-cbd-de-amplo-espectro","9":"product_cat-espectro-completo","10":"product_cat-packs-cbd","11":"product_tag-beneficios-cbd-pt-pt","12":"product_tag-beneficios-do-oleo-cbd","13":"product_tag-cbd-ol-pt-pt","14":"product_tag-comprar-cbd-baleares-pt-pt","15":"product_tag-comprar-cbd-canarias-pt-pt","16":"product_tag-comprar-cbd-espana-pt-pt","17":"product_tag-comprar-cbd-online-pt-pt","18":"product_tag-compre-oleo-cbd","19":"product_tag-compre-oleo-cbd-no-reino-unido","20":"product_tag-oleo-de-canabidiol","21":"product_tag-oleo-de-canhamo-espanha","22":"product_tag-venda-espanha-oleo-cbd","23":"product_tag-venta-espana-cbd-pt-pt","24":"product_tag-venta-online-cbd-pt-pt","25":"desktop-align-left","26":"tablet-align-left","27":"mobile-align-left","28":"ast-product-gallery-layout-horizontal-slider","29":"ast-product-tabs-layout-horizontal","31":"first","32":"instock","33":"sale","34":"taxable","35":"shipping-taxable","36":"purchasable","37":"product-type-simple"},"acf":[],"_links":{"self":[{"href":"https:\/\/www.gorillagrillz.com\/pt-pt\/wp-json\/wp\/v2\/product\/77965","targetHints":{"allow":["GET"]}}],"collection":[{"href":"https:\/\/www.gorillagrillz.com\/pt-pt\/wp-json\/wp\/v2\/product"}],"about":[{"href":"https:\/\/www.gorillagrillz.com\/pt-pt\/wp-json\/wp\/v2\/types\/product"}],"replies":[{"embeddable":true,"href":"https:\/\/www.gorillagrillz.com\/pt-pt\/wp-json\/wp\/v2\/comments?post=77965"}],"wp:featuredmedia":[{"embeddable":true,"href":"https:\/\/www.gorillagrillz.com\/pt-pt\/wp-json\/wp\/v2\/media\/130612"}],"wp:attachment":[{"href":"https:\/\/www.gorillagrillz.com\/pt-pt\/wp-json\/wp\/v2\/media?parent=77965"}],"wp:term":[{"taxonomy":"product_brand","embeddable":true,"href":"https:\/\/www.gorillagrillz.com\/pt-pt\/wp-json\/wp\/v2\/product_brand?post=77965"},{"taxonomy":"product_cat","embeddable":true,"href":"https:\/\/www.gorillagrillz.com\/pt-pt\/wp-json\/wp\/v2\/product_cat?post=77965"},{"taxonomy":"product_tag","embeddable":true,"href":"https:\/\/www.gorillagrillz.com\/pt-pt\/wp-json\/wp\/v2\/product_tag?post=77965"}],"curies":[{"name":"wp","href":"https:\/\/api.w.org\/{rel}","templated":true}]}}