
{"id":77880,"date":"2023-09-05T11:46:11","date_gmt":"2023-09-05T11:46:11","guid":{"rendered":"https:\/\/www.gorillagrillz.com\/?post_type=product&#038;p=77880"},"modified":"2025-11-26T12:47:52","modified_gmt":"2025-11-26T12:47:52","slug":"vaper-cbd-pack-5","status":"publish","type":"product","link":"https:\/\/www.gorillagrillz.com\/pt-pt\/produto\/vaper-cbd-pack-5\/","title":{"rendered":"5-PACK VAPER CBD"},"content":{"rendered":"<p>[vc_row type=&#8221;in_container&#8221; full_screen_row_position=&#8221;middle&#8221; column_margin=&#8221;default&#8221; column_direction=&#8221;default&#8221; column_direction_tablet=&#8221;default&#8221; column_direction_phone=&#8221;default&#8221; scene_position=&#8221;center&#8221; top_padding=&#8221;25&#8243; text_color=&#8221;dark&#8221; text_align=&#8221;left&#8221; row_border_radius=&#8221;none&#8221; row_border_radius_applies=&#8221;bg&#8221; overlay_strength=&#8221;0.3&#8243; gradient_direction=&#8221;left_to_right&#8221; shape_divider_position=&#8221;bottom&#8221; bg_image_animation=&#8221;none&#8221; shape_type=&#8221;&#8221;][vc_column column_padding=&#8221;no-extra-padding&#8221; column_padding_tablet=&#8221;inherit&#8221; column_padding_phone=&#8221;inherit&#8221; column_padding_position=&#8221;all&#8221; background_color_opacity=&#8221;1&#8243; background_hover_color_opacity=&#8221;1&#8243; column_shadow=&#8221;none&#8221; column_border_radius=&#8221;none&#8221; column_link_target=&#8221;_self&#8221; gradient_direction=&#8221;left_to_right&#8221; overlay_strength=&#8221;0.3&#8243; width=&#8221;1\/1&#8243; tablet_width_inherit=&#8221;default&#8221; tablet_text_alignment=&#8221;default&#8221; phone_text_alignment=&#8221;default&#8221; column_border_width=&#8221;none&#8221; column_border_style=&#8221;solid&#8221; bg_image_animation=&#8221;none&#8221;][toggles style=&#8221;default&#8221;][toggle color=&#8221;Accent-Color&#8221; title=&#8221;Vape CBD&#8221;][text-with-icon icon_type=&#8221;image_icon&#8221; icon_image=&#8221;7394&#8243;]Natural[\/text-with-icon][text-with-icon icon_type=&#8221;image_icon&#8221; icon_image=&#8221;7398&#8243;]Aroma : Mix[\/text-with-icon][text-with-icon icon_type=&#8221;image_icon&#8221; icon_image=&#8221;7463&#8243;]<span style=\"font-weight: 400;\">CBD : 750mg CBD : 75 % <\/span>[\/text-with-icon][\/toggle][toggle color=&#8221;Default&#8221; title=&#8221;Detalhes t\u00e9cnicos&#8221;][vc_column_text]<\/p>\n<ul>\n<li>Volume: 1ml<\/li>\n<li>Cont\u00e9m 750 mg de CBD<\/li>\n<li>75% CBD<\/li>\n<li>Bateria: 350mAh<\/li>\n<li>Dimens\u00f5es: 97,8 mm x 22,3 mm x 10,8 mm<\/li>\n<li>Indicador LED incorporado<\/li>\n<li>Habilitado para carregamento micro-USB<\/li>\n<li>\u00d3leo vis\u00edvel<\/li>\n<li>Boquilha PCTG<\/li>\n<li>Interior de a\u00e7o inoxid\u00e1vel de grau m\u00e9dico 316L<\/li>\n<\/ul>\n<p>[\/vc_column_text][\/toggle][toggle color=&#8221;Default&#8221; title=&#8221;Aviso legal&#8221;][vc_column_text]Uso para colecionismo. THC &lt;0,2% de acordo com o decreto real 1729\/1999. Pode visualizar as an\u00e1lises aqui.[\/vc_column_text][\/toggle][\/toggles][\/vc_column][\/vc_row]<\/p>\n","protected":false},"excerpt":{"rendered":"<p><span style=\"font-size: 16px;\">Pack de 5 Vapes descart\u00e1veis com <strong>75% de CBD<\/strong>, com mais de 400 utiliza\u00e7\u00f5es.<\/span><\/p>\n<p><strong><span style=\"font-size: 16px;\">750 mg CBD &#8211; 1ml<\/span><\/strong><\/p>\n<p>&nbsp;<\/p>\n","protected":false},"featured_media":130569,"comment_status":"open","ping_status":"closed","template":"","meta":{"_acf_changed":false,"site-sidebar-layout":"default","site-content-layout":"","ast-site-content-layout":"default","site-content-style":"default","site-sidebar-style":"default","ast-global-header-display":"","ast-banner-title-visibility":"","ast-main-header-display":"","ast-hfb-above-header-display":"","ast-hfb-below-header-display":"","ast-hfb-mobile-header-display":"","site-post-title":"","ast-breadcrumbs-content":"","ast-featured-img":"","footer-sml-layout":"","ast-disable-related-posts":"","theme-transparent-header-meta":"default","adv-header-id-meta":"","stick-header-meta":"default","header-above-stick-meta":"","header-main-stick-meta":"","header-below-stick-meta":"","astra-migrate-meta-layouts":"set","ast-page-background-enabled":"default","ast-page-background-meta":{"desktop":{"background-color":"var(--ast-global-color-4)","background-image":"","background-repeat":"repeat","background-position":"center center","background-size":"auto","background-attachment":"scroll","background-type":"","background-media":"","overlay-type":"","overlay-color":"","overlay-opacity":"","overlay-gradient":""},"tablet":{"background-color":"","background-image":"","background-repeat":"repeat","background-position":"center center","background-size":"auto","background-attachment":"scroll","background-type":"","background-media":"","overlay-type":"","overlay-color":"","overlay-opacity":"","overlay-gradient":""},"mobile":{"background-color":"","background-image":"","background-repeat":"repeat","background-position":"center center","background-size":"auto","background-attachment":"scroll","background-type":"","background-media":"","overlay-type":"","overlay-color":"","overlay-opacity":"","overlay-gradient":""}},"ast-content-background-meta":{"desktop":{"background-color":"var(--ast-global-color-5)","background-image":"","background-repeat":"repeat","background-position":"center center","background-size":"auto","background-attachment":"scroll","background-type":"","background-media":"","overlay-type":"","overlay-color":"","overlay-opacity":"","overlay-gradient":""},"tablet":{"background-color":"var(--ast-global-color-5)","background-image":"","background-repeat":"repeat","background-position":"center center","background-size":"auto","background-attachment":"scroll","background-type":"","background-media":"","overlay-type":"","overlay-color":"","overlay-opacity":"","overlay-gradient":""},"mobile":{"background-color":"var(--ast-global-color-5)","background-image":"","background-repeat":"repeat","background-position":"center center","background-size":"auto","background-attachment":"scroll","background-type":"","background-media":"","overlay-type":"","overlay-color":"","overlay-opacity":"","overlay-gradient":""}}},"product_brand":[],"product_cat":[35],"product_tag":[702,5610,5553,5611,5552,5612,5613,706,707,710,5551,717],"class_list":{"0":"post-77880","1":"product","2":"type-product","3":"status-publish","4":"has-post-thumbnail","6":"product_cat-sin-categorizar","7":"product_tag-beneficios-cbd-pt-pt","8":"product_tag-cannabidiol-pt-pt","9":"product_tag-capsulas-de-cbd","10":"product_tag-cbd-indoor-pt-pt","11":"product_tag-cbd-vape-pt-pt","12":"product_tag-comprar-cbd-baleares-pt-pt","13":"product_tag-comprar-cbd-canarias-pt-pt","14":"product_tag-comprar-cbd-espana-pt-pt","15":"product_tag-comprar-cbd-online-pt-pt","16":"product_tag-flor-cannabidiol-pt-pt","17":"product_tag-vacuo-void-cbd","18":"product_tag-venta-espana-cbd-pt-pt","19":"desktop-align-left","20":"tablet-align-left","21":"mobile-align-left","22":"ast-product-gallery-layout-horizontal-slider","23":"ast-product-tabs-layout-horizontal","25":"first","26":"outofstock","27":"sale","28":"featured","29":"taxable","30":"shipping-taxable","31":"purchasable","32":"product-type-simple"},"acf":[],"_links":{"self":[{"href":"https:\/\/www.gorillagrillz.com\/pt-pt\/wp-json\/wp\/v2\/product\/77880","targetHints":{"allow":["GET"]}}],"collection":[{"href":"https:\/\/www.gorillagrillz.com\/pt-pt\/wp-json\/wp\/v2\/product"}],"about":[{"href":"https:\/\/www.gorillagrillz.com\/pt-pt\/wp-json\/wp\/v2\/types\/product"}],"replies":[{"embeddable":true,"href":"https:\/\/www.gorillagrillz.com\/pt-pt\/wp-json\/wp\/v2\/comments?post=77880"}],"wp:featuredmedia":[{"embeddable":true,"href":"https:\/\/www.gorillagrillz.com\/pt-pt\/wp-json\/wp\/v2\/media\/130569"}],"wp:attachment":[{"href":"https:\/\/www.gorillagrillz.com\/pt-pt\/wp-json\/wp\/v2\/media?parent=77880"}],"wp:term":[{"taxonomy":"product_brand","embeddable":true,"href":"https:\/\/www.gorillagrillz.com\/pt-pt\/wp-json\/wp\/v2\/product_brand?post=77880"},{"taxonomy":"product_cat","embeddable":true,"href":"https:\/\/www.gorillagrillz.com\/pt-pt\/wp-json\/wp\/v2\/product_cat?post=77880"},{"taxonomy":"product_tag","embeddable":true,"href":"https:\/\/www.gorillagrillz.com\/pt-pt\/wp-json\/wp\/v2\/product_tag?post=77880"}],"curies":[{"name":"wp","href":"https:\/\/api.w.org\/{rel}","templated":true}]}}