
{"id":77545,"date":"2021-07-07T09:53:37","date_gmt":"2021-07-07T09:53:37","guid":{"rendered":"https:\/\/www.gorillagrillz.com\/?post_type=product&#038;p=77545"},"modified":"2025-11-16T06:43:02","modified_gmt":"2025-11-16T06:43:02","slug":"day-drops-10-melina","status":"publish","type":"product","link":"https:\/\/www.gorillagrillz.com\/pt-pt\/produto\/day-drops-10-melina\/","title":{"rendered":"\u00d3LEO CBD 10 % + Melissa + Vitamina D | 1000 mg &#8211; 10ml"},"content":{"rendered":"","protected":false},"excerpt":{"rendered":"<p>O <a href=\"https:\/\/www.gorillagrillz.com\/pt-pt\/oleo-cbd\/\">\u00d3leo CBD<\/a> 10 por cento da Gorilla Grillz \u00e9 feito do melhor c\u00e2nhamo cultivado com m\u00e9todos naturais, e n\u00e3o cont\u00e9m qu\u00edmicos, conservantes nem outros aditivos. Adicionamos extrato de melissa e vitamina D, que junto a uma concentra\u00e7\u00e3o m\u00e9dia de CBD o torna um produto ideal para o dia a dia. Ainda n\u00e3o conheces o nosso \u00f3leo CBD? Come\u00e7a por aqui com o teu \u00f3leo CBD full spectrum.<\/p>\n","protected":false},"featured_media":130596,"comment_status":"open","ping_status":"closed","template":"","meta":{"_acf_changed":false,"site-sidebar-layout":"default","site-content-layout":"","ast-site-content-layout":"default","site-content-style":"default","site-sidebar-style":"default","ast-global-header-display":"","ast-banner-title-visibility":"","ast-main-header-display":"","ast-hfb-above-header-display":"","ast-hfb-below-header-display":"","ast-hfb-mobile-header-display":"","site-post-title":"","ast-breadcrumbs-content":"","ast-featured-img":"","footer-sml-layout":"","ast-disable-related-posts":"","theme-transparent-header-meta":"default","adv-header-id-meta":"","stick-header-meta":"default","header-above-stick-meta":"","header-main-stick-meta":"","header-below-stick-meta":"","astra-migrate-meta-layouts":"set","ast-page-background-enabled":"default","ast-page-background-meta":{"desktop":{"background-color":"var(--ast-global-color-4)","background-image":"","background-repeat":"repeat","background-position":"center center","background-size":"auto","background-attachment":"scroll","background-type":"","background-media":"","overlay-type":"","overlay-color":"","overlay-opacity":"","overlay-gradient":""},"tablet":{"background-color":"","background-image":"","background-repeat":"repeat","background-position":"center center","background-size":"auto","background-attachment":"scroll","background-type":"","background-media":"","overlay-type":"","overlay-color":"","overlay-opacity":"","overlay-gradient":""},"mobile":{"background-color":"","background-image":"","background-repeat":"repeat","background-position":"center center","background-size":"auto","background-attachment":"scroll","background-type":"","background-media":"","overlay-type":"","overlay-color":"","overlay-opacity":"","overlay-gradient":""}},"ast-content-background-meta":{"desktop":{"background-color":"var(--ast-global-color-5)","background-image":"","background-repeat":"repeat","background-position":"center center","background-size":"auto","background-attachment":"scroll","background-type":"","background-media":"","overlay-type":"","overlay-color":"","overlay-opacity":"","overlay-gradient":""},"tablet":{"background-color":"var(--ast-global-color-5)","background-image":"","background-repeat":"repeat","background-position":"center center","background-size":"auto","background-attachment":"scroll","background-type":"","background-media":"","overlay-type":"","overlay-color":"","overlay-opacity":"","overlay-gradient":""},"mobile":{"background-color":"var(--ast-global-color-5)","background-image":"","background-repeat":"repeat","background-position":"center center","background-size":"auto","background-attachment":"scroll","background-type":"","background-media":"","overlay-type":"","overlay-color":"","overlay-opacity":"","overlay-gradient":""}}},"product_brand":[],"product_cat":[3232,3237,3234],"product_tag":[3151,3152],"class_list":{"0":"post-77545","1":"product","2":"type-product","3":"status-publish","4":"has-post-thumbnail","6":"product_cat-10ml","7":"product_cat-30ml","8":"product_cat-espectro-completo","9":"product_tag-aceite-de-cbd-en-toledo-pt-pt","10":"product_tag-cbd-vigo-pt-pt","11":"desktop-align-left","12":"tablet-align-left","13":"mobile-align-left","14":"ast-product-gallery-layout-horizontal-slider","15":"ast-product-single-variable","16":"ast-product-tabs-layout-horizontal","18":"first","19":"instock","20":"taxable","21":"shipping-taxable","22":"purchasable","23":"product-type-variable","24":"has-default-attributes"},"acf":[],"_links":{"self":[{"href":"https:\/\/www.gorillagrillz.com\/pt-pt\/wp-json\/wp\/v2\/product\/77545","targetHints":{"allow":["GET"]}}],"collection":[{"href":"https:\/\/www.gorillagrillz.com\/pt-pt\/wp-json\/wp\/v2\/product"}],"about":[{"href":"https:\/\/www.gorillagrillz.com\/pt-pt\/wp-json\/wp\/v2\/types\/product"}],"replies":[{"embeddable":true,"href":"https:\/\/www.gorillagrillz.com\/pt-pt\/wp-json\/wp\/v2\/comments?post=77545"}],"wp:featuredmedia":[{"embeddable":true,"href":"https:\/\/www.gorillagrillz.com\/pt-pt\/wp-json\/wp\/v2\/media\/130596"}],"wp:attachment":[{"href":"https:\/\/www.gorillagrillz.com\/pt-pt\/wp-json\/wp\/v2\/media?parent=77545"}],"wp:term":[{"taxonomy":"product_brand","embeddable":true,"href":"https:\/\/www.gorillagrillz.com\/pt-pt\/wp-json\/wp\/v2\/product_brand?post=77545"},{"taxonomy":"product_cat","embeddable":true,"href":"https:\/\/www.gorillagrillz.com\/pt-pt\/wp-json\/wp\/v2\/product_cat?post=77545"},{"taxonomy":"product_tag","embeddable":true,"href":"https:\/\/www.gorillagrillz.com\/pt-pt\/wp-json\/wp\/v2\/product_tag?post=77545"}],"curies":[{"name":"wp","href":"https:\/\/api.w.org\/{rel}","templated":true}]}}