
{"id":146945,"date":"2021-12-06T15:10:32","date_gmt":"2021-12-06T15:10:32","guid":{"rendered":"https:\/\/www.gorillagrillz.com\/producto\/tarjeta-regalo-cbd\/"},"modified":"2024-12-16T16:54:05","modified_gmt":"2024-12-16T16:54:05","slug":"tarjeta-regalo-cbd","status":"publish","type":"product","link":"https:\/\/www.gorillagrillz.com\/pt-pt\/produto\/tarjeta-regalo-cbd\/","title":{"rendered":"Tarjeta Regalo Gorilla Grillz"},"content":{"rendered":"<p>Si te has quedado si ideas originales para regalar en fechas especiales como cumplea\u00f1os, navidades, o cualquier otra fecha, no te preocupes Gorilla Grillz ha pensado en ti y creemos que un regalo con el que sin duda vas a sorprender es con una <strong>tarjeta regalo CBD.<\/strong><\/p>\n<p><strong>\u00bfPor qu\u00e9 regalar una tarjeta regalo?<\/strong> Lo cierto es que la mayor\u00eda de las veces dejamos estas gestiones para el \u00faltimo momento, y al final&#8230; \u00a1nos acaba pillando el toro! Regala la tarjeta regalo de Gorilla Grillz y podr\u00e1s sorprender a tu amigo.<\/p>\n<p><strong>\u00bfPara que sirve regalar una tarjeta regalo de CBD?<\/strong> Adem\u00e1s de sorprender, como ya sab\u00e9is el CBD tiene numerosos beneficios, regala salud mejorando e estado de la piel y calmando la mente y los dolores musculares \u00a1Siempre es bien regalar salud!<\/p>\n<p>Y si sabes que a tu sorprendido le encanta el CBD pero no sabes que regalarle, no te preocupes, \u00a1Para eso tenemos la tarjeta regalo de Gorilla Grillz! Puedes poner en la tarjeta el importe que desees y \u00e9l recibir\u00e1 la tarjeta y podr\u00e1 disfrutar de una incre\u00edble experiencia de compra.<\/p>\n<p><strong>\u00bfQu\u00e9 puedo comprar con la tarjeta regalo?<\/strong> No hay l\u00edmites con nuestra tarjeta, en Gorilla Grillz puedes encontrar desde <a href=\"\/?page_id=131645\">aceites<\/a> y<a href=\"\/flores-cbd\"> flores de CBD<\/a> hasta <a href=\"https:\/\/www.gorillagrillz.com\/pt-pt\/produto\/skate-gorilla-grillz-x-love\/\">monopatines<\/a>, <a href=\"\/?page_id=79363\">grinders<\/a>, <a href=\"\/?page_id=79363\">vapers<\/a> y todo lo que se te pueda ocurrir.<\/p>\n","protected":false},"excerpt":{"rendered":"<p>Tarjeta regalo de Gorilla Grillz. Ideal para regalar nuestra variedades de flores y aceites de CBD.<\/p>\n<p>Elige la cuant\u00eda a regalar y recibir\u00e1s en tu email en 24 horas un voucher personalizado para regalar. No olvides a\u00f1adir en la nota del pedido, el nombre y email de la persona a la que se lo vas a regalar.<\/p>\n<h6>*Por favor, si en el pedido la tarjeta de regalo es el \u00fanico producto, no elija pagar contrareembolso o ser\u00e1 cancelado.<\/h6>\n","protected":false},"featured_media":146947,"comment_status":"open","ping_status":"closed","template":"","meta":{"_acf_changed":false,"site-sidebar-layout":"default","site-content-layout":"","ast-site-content-layout":"default","site-content-style":"default","site-sidebar-style":"default","ast-global-header-display":"","ast-banner-title-visibility":"","ast-main-header-display":"","ast-hfb-above-header-display":"","ast-hfb-below-header-display":"","ast-hfb-mobile-header-display":"","site-post-title":"","ast-breadcrumbs-content":"","ast-featured-img":"","footer-sml-layout":"","ast-disable-related-posts":"","theme-transparent-header-meta":"default","adv-header-id-meta":"","stick-header-meta":"default","header-above-stick-meta":"","header-main-stick-meta":"","header-below-stick-meta":"","astra-migrate-meta-layouts":"set","ast-page-background-enabled":"default","ast-page-background-meta":{"desktop":{"background-color":"var(--ast-global-color-4)","background-image":"","background-repeat":"repeat","background-position":"center center","background-size":"auto","background-attachment":"scroll","background-type":"","background-media":"","overlay-type":"","overlay-color":"","overlay-opacity":"","overlay-gradient":""},"tablet":{"background-color":"","background-image":"","background-repeat":"repeat","background-position":"center center","background-size":"auto","background-attachment":"scroll","background-type":"","background-media":"","overlay-type":"","overlay-color":"","overlay-opacity":"","overlay-gradient":""},"mobile":{"background-color":"","background-image":"","background-repeat":"repeat","background-position":"center center","background-size":"auto","background-attachment":"scroll","background-type":"","background-media":"","overlay-type":"","overlay-color":"","overlay-opacity":"","overlay-gradient":""}},"ast-content-background-meta":{"desktop":{"background-color":"var(--ast-global-color-5)","background-image":"","background-repeat":"repeat","background-position":"center center","background-size":"auto","background-attachment":"scroll","background-type":"","background-media":"","overlay-type":"","overlay-color":"","overlay-opacity":"","overlay-gradient":""},"tablet":{"background-color":"var(--ast-global-color-5)","background-image":"","background-repeat":"repeat","background-position":"center center","background-size":"auto","background-attachment":"scroll","background-type":"","background-media":"","overlay-type":"","overlay-color":"","overlay-opacity":"","overlay-gradient":""},"mobile":{"background-color":"var(--ast-global-color-5)","background-image":"","background-repeat":"repeat","background-position":"center center","background-size":"auto","background-attachment":"scroll","background-type":"","background-media":"","overlay-type":"","overlay-color":"","overlay-opacity":"","overlay-gradient":""}}},"product_brand":[],"product_cat":[3240],"product_tag":[3257,3258,3259,3260,3261,3262,3263,3264,3265,3266,3267],"class_list":{"0":"post-146945","1":"product","2":"type-product","3":"status-publish","4":"has-post-thumbnail","6":"product_cat-gorillaworks","7":"product_tag-aceite-canamo-pt-pt","8":"product_tag-navidad-cbd-pt-pt","9":"product_tag-regala-cbd-pt-pt","10":"product_tag-regalo-aceites-cbd-pt-pt","11":"product_tag-regalo-canamo-industrial-pt-pt","12":"product_tag-regalo-cbd-pt-pt","13":"product_tag-regalo-flores-cbd-pt-pt","14":"product_tag-regalo-flores-indoor-cbd-pt-pt","15":"product_tag-tarjeta-regalo-cbd-pt-pt","16":"product_tag-tarjeta-regalo-flores-cbd-pt-pt","17":"product_tag-tarjeta-regalo-gorilla-grillz-pt-pt","18":"product_shipping_class-sin-coste-de-envio-pt-pt","19":"desktop-align-left","20":"tablet-align-left","21":"mobile-align-left","22":"ast-product-gallery-layout-horizontal-slider","23":"ast-product-single-variable","24":"ast-product-tabs-layout-horizontal","26":"first","27":"outofstock","28":"taxable","29":"shipping-taxable","30":"purchasable","31":"product-type-variable","32":"has-default-attributes"},"acf":[],"_links":{"self":[{"href":"https:\/\/www.gorillagrillz.com\/pt-pt\/wp-json\/wp\/v2\/product\/146945","targetHints":{"allow":["GET"]}}],"collection":[{"href":"https:\/\/www.gorillagrillz.com\/pt-pt\/wp-json\/wp\/v2\/product"}],"about":[{"href":"https:\/\/www.gorillagrillz.com\/pt-pt\/wp-json\/wp\/v2\/types\/product"}],"replies":[{"embeddable":true,"href":"https:\/\/www.gorillagrillz.com\/pt-pt\/wp-json\/wp\/v2\/comments?post=146945"}],"wp:featuredmedia":[{"embeddable":true,"href":"https:\/\/www.gorillagrillz.com\/pt-pt\/wp-json\/wp\/v2\/media\/146947"}],"wp:attachment":[{"href":"https:\/\/www.gorillagrillz.com\/pt-pt\/wp-json\/wp\/v2\/media?parent=146945"}],"wp:term":[{"taxonomy":"product_brand","embeddable":true,"href":"https:\/\/www.gorillagrillz.com\/pt-pt\/wp-json\/wp\/v2\/product_brand?post=146945"},{"taxonomy":"product_cat","embeddable":true,"href":"https:\/\/www.gorillagrillz.com\/pt-pt\/wp-json\/wp\/v2\/product_cat?post=146945"},{"taxonomy":"product_tag","embeddable":true,"href":"https:\/\/www.gorillagrillz.com\/pt-pt\/wp-json\/wp\/v2\/product_tag?post=146945"}],"curies":[{"name":"wp","href":"https:\/\/api.w.org\/{rel}","templated":true}]}}