
{"id":144512,"date":"2024-09-09T12:00:18","date_gmt":"2024-09-09T12:00:18","guid":{"rendered":"https:\/\/www.gorillagrillz.com\/producto\/aceite-cbd-20-sport-gg\/"},"modified":"2025-01-31T12:24:38","modified_gmt":"2025-01-31T12:24:38","slug":"aceite-cbd-20-sport-gg","status":"publish","type":"product","link":"https:\/\/www.gorillagrillz.com\/pt-pt\/produto\/aceite-cbd-20-sport-gg\/","title":{"rendered":"\u00d3LEO CBD 20% SPORT GG+"},"content":{"rendered":"","protected":false},"excerpt":{"rendered":"<p>O \u00f3leo SPORT \u00e9 um \u00f3leo CBD premium de amplo espectro criado especialmente para atletas. <strong>\u00c9 o favorito dos atletas.<\/strong><\/p>\n","protected":false},"featured_media":144513,"comment_status":"open","ping_status":"closed","template":"","meta":{"_acf_changed":false,"site-sidebar-layout":"default","site-content-layout":"","ast-site-content-layout":"default","site-content-style":"default","site-sidebar-style":"default","ast-global-header-display":"","ast-banner-title-visibility":"","ast-main-header-display":"","ast-hfb-above-header-display":"","ast-hfb-below-header-display":"","ast-hfb-mobile-header-display":"","site-post-title":"","ast-breadcrumbs-content":"","ast-featured-img":"","footer-sml-layout":"","ast-disable-related-posts":"","theme-transparent-header-meta":"default","adv-header-id-meta":"","stick-header-meta":"default","header-above-stick-meta":"","header-main-stick-meta":"","header-below-stick-meta":"","astra-migrate-meta-layouts":"set","ast-page-background-enabled":"default","ast-page-background-meta":{"desktop":{"background-color":"var(--ast-global-color-4)","background-image":"","background-repeat":"repeat","background-position":"center center","background-size":"auto","background-attachment":"scroll","background-type":"","background-media":"","overlay-type":"","overlay-color":"","overlay-opacity":"","overlay-gradient":""},"tablet":{"background-color":"","background-image":"","background-repeat":"repeat","background-position":"center center","background-size":"auto","background-attachment":"scroll","background-type":"","background-media":"","overlay-type":"","overlay-color":"","overlay-opacity":"","overlay-gradient":""},"mobile":{"background-color":"","background-image":"","background-repeat":"repeat","background-position":"center center","background-size":"auto","background-attachment":"scroll","background-type":"","background-media":"","overlay-type":"","overlay-color":"","overlay-opacity":"","overlay-gradient":""}},"ast-content-background-meta":{"desktop":{"background-color":"var(--ast-global-color-5)","background-image":"","background-repeat":"repeat","background-position":"center center","background-size":"auto","background-attachment":"scroll","background-type":"","background-media":"","overlay-type":"","overlay-color":"","overlay-opacity":"","overlay-gradient":""},"tablet":{"background-color":"var(--ast-global-color-5)","background-image":"","background-repeat":"repeat","background-position":"center center","background-size":"auto","background-attachment":"scroll","background-type":"","background-media":"","overlay-type":"","overlay-color":"","overlay-opacity":"","overlay-gradient":""},"mobile":{"background-color":"var(--ast-global-color-5)","background-image":"","background-repeat":"repeat","background-position":"center center","background-size":"auto","background-attachment":"scroll","background-type":"","background-media":"","overlay-type":"","overlay-color":"","overlay-opacity":"","overlay-gradient":""}}},"product_brand":[],"product_cat":[3232,3236,3120],"product_tag":[3151,3152,5646],"class_list":{"0":"post-144512","1":"product","2":"type-product","3":"status-publish","4":"has-post-thumbnail","6":"product_cat-10ml","7":"product_cat-oleo-cbd-de-amplo-espectro","8":"product_cat-cosmetica-cbd","9":"product_tag-aceite-de-cbd-en-toledo-pt-pt","10":"product_tag-cbd-vigo-pt-pt","11":"product_tag-ggplus-pt-pt","12":"desktop-align-left","13":"tablet-align-left","14":"mobile-align-left","15":"ast-product-gallery-layout-horizontal-slider","16":"ast-product-tabs-layout-horizontal","18":"first","19":"outofstock","20":"sale","21":"taxable","22":"shipping-taxable","23":"purchasable","24":"product-type-simple"},"acf":[],"_links":{"self":[{"href":"https:\/\/www.gorillagrillz.com\/pt-pt\/wp-json\/wp\/v2\/product\/144512","targetHints":{"allow":["GET"]}}],"collection":[{"href":"https:\/\/www.gorillagrillz.com\/pt-pt\/wp-json\/wp\/v2\/product"}],"about":[{"href":"https:\/\/www.gorillagrillz.com\/pt-pt\/wp-json\/wp\/v2\/types\/product"}],"replies":[{"embeddable":true,"href":"https:\/\/www.gorillagrillz.com\/pt-pt\/wp-json\/wp\/v2\/comments?post=144512"}],"wp:featuredmedia":[{"embeddable":true,"href":"https:\/\/www.gorillagrillz.com\/pt-pt\/wp-json\/wp\/v2\/media\/144513"}],"wp:attachment":[{"href":"https:\/\/www.gorillagrillz.com\/pt-pt\/wp-json\/wp\/v2\/media?parent=144512"}],"wp:term":[{"taxonomy":"product_brand","embeddable":true,"href":"https:\/\/www.gorillagrillz.com\/pt-pt\/wp-json\/wp\/v2\/product_brand?post=144512"},{"taxonomy":"product_cat","embeddable":true,"href":"https:\/\/www.gorillagrillz.com\/pt-pt\/wp-json\/wp\/v2\/product_cat?post=144512"},{"taxonomy":"product_tag","embeddable":true,"href":"https:\/\/www.gorillagrillz.com\/pt-pt\/wp-json\/wp\/v2\/product_tag?post=144512"}],"curies":[{"name":"wp","href":"https:\/\/api.w.org\/{rel}","templated":true}]}}