
{"id":84189,"date":"2024-02-19T15:27:33","date_gmt":"2024-02-19T15:27:33","guid":{"rendered":"https:\/\/www.gorillagrillz.com\/?page_id=84189"},"modified":"2026-03-05T08:43:39","modified_gmt":"2026-03-05T08:43:39","slug":"obrigado-por-sua-compra","status":"publish","type":"page","link":"https:\/\/www.gorillagrillz.com\/pt-pt\/obrigado-por-sua-compra\/","title":{"rendered":"Obrigado por sua compra"},"content":{"rendered":"\t\t<div data-elementor-type=\"wp-page\" data-elementor-id=\"84189\" class=\"elementor elementor-84189 elementor-82721\" data-elementor-post-type=\"page\">\n\t\t\t\t<div data-particle_enable=\"false\" data-particle-mobile-disabled=\"false\" class=\"elementor-element elementor-element-6b98418 e-flex e-con-boxed e-con e-parent\" data-id=\"6b98418\" data-element_type=\"container\" data-e-type=\"container\">\n\t\t\t\t\t<div class=\"e-con-inner\">\n\t\t\t\t<div class=\"elementor-element elementor-element-c3e546d elementor-widget elementor-widget-heading\" data-id=\"c3e546d\" data-element_type=\"widget\" data-e-type=\"widget\" data-widget_type=\"heading.default\">\n\t\t\t\t\t<h4 class=\"elementor-heading-title elementor-size-default\">Obrigado. Seu pedido foi recebido.\n<\/h4>\t\t\t\t<\/div>\n\t\t\t\t\t<\/div>\n\t\t\t\t<\/div>\n\t\t<div data-particle_enable=\"false\" data-particle-mobile-disabled=\"false\" class=\"elementor-element elementor-element-bee0214 e-flex e-con-boxed e-con e-parent\" data-id=\"bee0214\" data-element_type=\"container\" data-e-type=\"container\">\n\t\t\t\t\t<div class=\"e-con-inner\">\n\t\t\t\t<div class=\"elementor-element elementor-element-3613f9d elementor-widget elementor-widget-text-editor\" data-id=\"3613f9d\" data-element_type=\"widget\" data-e-type=\"widget\" data-widget_type=\"text-editor.default\">\n\t\t\t\t\t\t\t\t\t\nSua solicita\u00e7\u00e3o est\u00e1 sendo processada. Verifique sua caixa de entrada de e-mail para ver todos os detalhes do pedido.\n\nVoc\u00ea pode descobrir o status do seu pedido em <a href=\"https:\/\/www.gorillagrillz.com\/mi-cuenta\/orders\/\">\n<strong>Meus pedidos<\/strong><\/a>\t\t\t\t\t\t\t\t<\/div>\n\t\t\t\t\t<\/div>\n\t\t\t\t<\/div>\n\t\t<div data-particle_enable=\"false\" data-particle-mobile-disabled=\"false\" class=\"elementor-element elementor-element-5371c08 e-flex e-con-boxed e-con e-parent\" data-id=\"5371c08\" data-element_type=\"container\" data-e-type=\"container\">\n\t\t\t\t\t<div class=\"e-con-inner\">\n\t\t\t\t\t<\/div>\n\t\t\t\t<\/div>\n\t\t<div data-particle_enable=\"false\" data-particle-mobile-disabled=\"false\" class=\"elementor-element elementor-element-cfc6b31 e-flex e-con-boxed e-con e-parent\" data-id=\"cfc6b31\" data-element_type=\"container\" data-e-type=\"container\">\n\t\t\t\t\t<div class=\"e-con-inner\">\n\t\t\t\t<div class=\"elementor-element elementor-element-8943a4f elementor-widget elementor-widget-heading\" data-id=\"8943a4f\" data-element_type=\"widget\" data-e-type=\"widget\" data-widget_type=\"heading.default\">\n\t\t\t\t\t<h2 class=\"elementor-heading-title elementor-size-default\">Como foi a compra?\n<\/h2>\t\t\t\t<\/div>\n\t\t\t\t<div class=\"elementor-element elementor-element-d525b3d elementor-widget elementor-widget-text-editor\" data-id=\"d525b3d\" data-element_type=\"widget\" data-e-type=\"widget\" data-widget_type=\"text-editor.default\">\n\t\t\t\t\t\t\t\t\t<h5>Conte-nos como tem sido sua experi\u00eancia em nosso site<\/h5>\nGanhe pontos GG deixando sua opini\u00e3o\n\t\t\t\t\t\t\t\t<\/div>\n\t\t\t\t\t<\/div>\n\t\t\t\t<\/div>\n\t\t<div data-particle_enable=\"false\" data-particle-mobile-disabled=\"false\" class=\"elementor-element elementor-element-156903a e-flex e-con-boxed e-con e-parent\" data-id=\"156903a\" data-element_type=\"container\" data-e-type=\"container\">\n\t\t\t\t\t<div class=\"e-con-inner\">\n\t\t\t\t<div class=\"elementor-element elementor-element-e700e00 elementor-widget elementor-widget-image\" data-id=\"e700e00\" data-element_type=\"widget\" data-e-type=\"widget\" data-widget_type=\"image.default\">\n\t\t\t\t\t\t\t\t\t\t\t\t\t\t\t<img fetchpriority=\"high\" decoding=\"async\" width=\"1300\" height=\"800\" src=\"https:\/\/www.gorillagrillz.com\/wp-content\/uploads\/2024\/02\/60d4509851d12743d030a9eb_5c11336dd43b9272273fb4ce_Google-Reviews.jpeg\" class=\"attachment-large size-large wp-image-82918\" alt=\"rese\u00f1as google cbd\" title=\"\" srcset=\"https:\/\/www.gorillagrillz.com\/wp-content\/uploads\/2024\/02\/60d4509851d12743d030a9eb_5c11336dd43b9272273fb4ce_Google-Reviews.jpeg 1300w, https:\/\/www.gorillagrillz.com\/wp-content\/uploads\/2024\/02\/60d4509851d12743d030a9eb_5c11336dd43b9272273fb4ce_Google-Reviews-300x185.jpeg 300w, https:\/\/www.gorillagrillz.com\/wp-content\/uploads\/2024\/02\/60d4509851d12743d030a9eb_5c11336dd43b9272273fb4ce_Google-Reviews-1024x630.jpeg 1024w, https:\/\/www.gorillagrillz.com\/wp-content\/uploads\/2024\/02\/60d4509851d12743d030a9eb_5c11336dd43b9272273fb4ce_Google-Reviews-768x473.jpeg 768w\" sizes=\"(max-width: 1300px) 100vw, 1300px\" \/>\t\t\t\t\t\t\t\t\t\t\t\t\t\t\t<\/div>\n\t\t\t\t\t<\/div>\n\t\t\t\t<\/div>\n\t\t<div data-particle_enable=\"false\" data-particle-mobile-disabled=\"false\" class=\"elementor-element elementor-element-8c596f3 e-flex e-con-boxed e-con e-parent\" data-id=\"8c596f3\" data-element_type=\"container\" data-e-type=\"container\">\n\t\t\t\t\t<div class=\"e-con-inner\">\n\t\t\t\t<div class=\"elementor-element elementor-element-96b57b2 elementor-widget elementor-widget-html\" data-id=\"96b57b2\" data-element_type=\"widget\" data-e-type=\"widget\" data-widget_type=\"html.default\">\n\t\t\t\t\t<script src=\"https:\/\/static.elfsight.com\/platform\/platform.js\" data-use-service-core defer><\/script>\n<div class=\"elfsight-app-3d56ea57-1ac2-4624-a365-f8526b6e392d\" data-elfsight-app-lazy><\/div>\t\t\t\t<\/div>\n\t\t\t\t\t<\/div>\n\t\t\t\t<\/div>\n\t\t<div data-particle_enable=\"false\" data-particle-mobile-disabled=\"false\" class=\"elementor-element elementor-element-b34a0dd e-flex e-con-boxed e-con e-parent\" data-id=\"b34a0dd\" data-element_type=\"container\" data-e-type=\"container\">\n\t\t\t\t\t<div class=\"e-con-inner\">\n\t\t\t\t<div class=\"elementor-element elementor-element-bfa4419 elementor-widget elementor-widget-image\" data-id=\"bfa4419\" data-element_type=\"widget\" data-e-type=\"widget\" data-widget_type=\"image.default\">\n\t\t\t\t\t\t\t\t\t\t\t\t\t\t\t\t<a href=\"https:\/\/es.trustpilot.com\/evaluate\/gorillagrillz.com\">\n\t\t\t\t\t\t\t<img decoding=\"async\" width=\"866\" height=\"650\" src=\"https:\/\/www.gorillagrillz.com\/wp-content\/uploads\/2024\/02\/trustpilot-stars9095.jpeg\" class=\"attachment-large size-large wp-image-82942\" alt=\"trustpilot Cbd\" title=\"\" srcset=\"https:\/\/www.gorillagrillz.com\/wp-content\/uploads\/2024\/02\/trustpilot-stars9095.jpeg 866w, https:\/\/www.gorillagrillz.com\/wp-content\/uploads\/2024\/02\/trustpilot-stars9095-300x225.jpeg 300w, https:\/\/www.gorillagrillz.com\/wp-content\/uploads\/2024\/02\/trustpilot-stars9095-768x576.jpeg 768w\" sizes=\"(max-width: 866px) 100vw, 866px\" \/>\t\t\t\t\t\t\t\t<\/a>\n\t\t\t\t\t\t\t\t\t\t\t\t\t\t\t<\/div>\n\t\t\t\t\t<\/div>\n\t\t\t\t<\/div>\n\t\t\t\t<\/div>\n\t\t","protected":false},"excerpt":{"rendered":"<p>Obrigado. Seu pedido foi recebido. Sua solicita\u00e7\u00e3o est\u00e1 sendo processada. Verifique sua caixa de entrada de e-mail para ver todos os detalhes do pedido. Voc\u00ea pode descobrir o status do seu pedido em Meus pedidos Como foi a compra? Conte-nos como tem sido sua experi\u00eancia em nosso site Ganhe pontos GG deixando sua opini\u00e3o<\/p>\n","protected":false},"author":2636,"featured_media":0,"parent":0,"menu_order":0,"comment_status":"closed","ping_status":"closed","template":"","meta":{"_acf_changed":false,"site-sidebar-layout":"no-sidebar","site-content-layout":"","ast-site-content-layout":"full-width-container","site-content-style":"default","site-sidebar-style":"default","ast-global-header-display":"","ast-banner-title-visibility":"","ast-main-header-display":"","ast-hfb-above-header-display":"","ast-hfb-below-header-display":"","ast-hfb-mobile-header-display":"","site-post-title":"disabled","ast-breadcrumbs-content":"","ast-featured-img":"disabled","footer-sml-layout":"","ast-disable-related-posts":"","theme-transparent-header-meta":"default","adv-header-id-meta":"","stick-header-meta":"default","header-above-stick-meta":"","header-main-stick-meta":"","header-below-stick-meta":"","astra-migrate-meta-layouts":"default","ast-page-background-enabled":"default","ast-page-background-meta":{"desktop":{"background-color":"var(--ast-global-color-4)","background-image":"","background-repeat":"repeat","background-position":"center center","background-size":"auto","background-attachment":"scroll","background-type":"","background-media":"","overlay-type":"","overlay-color":"","overlay-opacity":"","overlay-gradient":""},"tablet":{"background-color":"","background-image":"","background-repeat":"repeat","background-position":"center center","background-size":"auto","background-attachment":"scroll","background-type":"","background-media":"","overlay-type":"","overlay-color":"","overlay-opacity":"","overlay-gradient":""},"mobile":{"background-color":"","background-image":"","background-repeat":"repeat","background-position":"center center","background-size":"auto","background-attachment":"scroll","background-type":"","background-media":"","overlay-type":"","overlay-color":"","overlay-opacity":"","overlay-gradient":""}},"ast-content-background-meta":{"desktop":{"background-color":"var(--ast-global-color-5)","background-image":"","background-repeat":"repeat","background-position":"center center","background-size":"auto","background-attachment":"scroll","background-type":"","background-media":"","overlay-type":"","overlay-color":"","overlay-opacity":"","overlay-gradient":""},"tablet":{"background-color":"var(--ast-global-color-5)","background-image":"","background-repeat":"repeat","background-position":"center center","background-size":"auto","background-attachment":"scroll","background-type":"","background-media":"","overlay-type":"","overlay-color":"","overlay-opacity":"","overlay-gradient":""},"mobile":{"background-color":"var(--ast-global-color-5)","background-image":"","background-repeat":"repeat","background-position":"center center","background-size":"auto","background-attachment":"scroll","background-type":"","background-media":"","overlay-type":"","overlay-color":"","overlay-opacity":"","overlay-gradient":""}},"footnotes":""},"class_list":["post-84189","page","type-page","status-publish","hentry"],"acf":[],"_links":{"self":[{"href":"https:\/\/www.gorillagrillz.com\/pt-pt\/wp-json\/wp\/v2\/pages\/84189","targetHints":{"allow":["GET"]}}],"collection":[{"href":"https:\/\/www.gorillagrillz.com\/pt-pt\/wp-json\/wp\/v2\/pages"}],"about":[{"href":"https:\/\/www.gorillagrillz.com\/pt-pt\/wp-json\/wp\/v2\/types\/page"}],"author":[{"embeddable":true,"href":"https:\/\/www.gorillagrillz.com\/pt-pt\/wp-json\/wp\/v2\/users\/2636"}],"replies":[{"embeddable":true,"href":"https:\/\/www.gorillagrillz.com\/pt-pt\/wp-json\/wp\/v2\/comments?post=84189"}],"version-history":[{"count":0,"href":"https:\/\/www.gorillagrillz.com\/pt-pt\/wp-json\/wp\/v2\/pages\/84189\/revisions"}],"wp:attachment":[{"href":"https:\/\/www.gorillagrillz.com\/pt-pt\/wp-json\/wp\/v2\/media?parent=84189"}],"curies":[{"name":"wp","href":"https:\/\/api.w.org\/{rel}","templated":true}]}}