
{"id":79054,"date":"2024-01-23T12:36:43","date_gmt":"2024-01-23T12:36:43","guid":{"rendered":"https:\/\/www.gorillagrillz.com\/?page_id=79054"},"modified":"2024-01-23T12:36:44","modified_gmt":"2024-01-23T12:36:44","slug":"reino-grillz-loyalty-crew-termos-e-condicoes","status":"publish","type":"page","link":"https:\/\/www.gorillagrillz.com\/pt-pt\/reino-grillz-loyalty-crew-termos-e-condicoes\/","title":{"rendered":"Reino Grillz Loyalty Crew T\u00e9rminos y condiciones"},"content":{"rendered":"\t\t<div data-elementor-type=\"wp-page\" data-elementor-id=\"79054\" class=\"elementor elementor-79054 elementor-8245\" data-elementor-post-type=\"page\">\n\t\t\t\t<div data-particle_enable=\"false\" data-particle-mobile-disabled=\"false\" class=\"elementor-element elementor-element-d2493a7 e-flex e-con-boxed e-con e-parent\" data-id=\"d2493a7\" data-element_type=\"container\" data-e-type=\"container\">\n\t\t\t\t\t<div class=\"e-con-inner\">\n\t\t\t\t<div class=\"elementor-element elementor-element-662ab08 elementor-widget elementor-widget-image\" data-id=\"662ab08\" data-element_type=\"widget\" data-e-type=\"widget\" data-widget_type=\"image.default\">\n\t\t\t\t\t\t\t\t\t\t\t\t\t\t\t<img fetchpriority=\"high\" decoding=\"async\" width=\"990\" height=\"600\" src=\"https:\/\/www.gorillagrillz.com\/wp-content\/uploads\/2023\/12\/Logo-borrador-loyalty-Gorilla-Grillz_Blanco-e1640171020111.png\" class=\"attachment-large size-large wp-image-71659\" alt=\"logo gorilla Grillz crew\" srcset=\"https:\/\/www.gorillagrillz.com\/wp-content\/uploads\/2023\/12\/Logo-borrador-loyalty-Gorilla-Grillz_Blanco-e1640171020111.png 990w, https:\/\/www.gorillagrillz.com\/wp-content\/uploads\/2023\/12\/Logo-borrador-loyalty-Gorilla-Grillz_Blanco-e1640171020111-300x182.png 300w, https:\/\/www.gorillagrillz.com\/wp-content\/uploads\/2023\/12\/Logo-borrador-loyalty-Gorilla-Grillz_Blanco-e1640171020111-768x465.png 768w\" sizes=\"(max-width: 990px) 100vw, 990px\" title=\"\">\t\t\t\t\t\t\t\t\t\t\t\t\t\t\t<\/div>\n\t\t\t\t\t<\/div>\n\t\t\t\t<\/div>\n\t\t<div data-particle_enable=\"false\" data-particle-mobile-disabled=\"false\" class=\"elementor-element elementor-element-102871f e-flex e-con-boxed e-con e-parent\" data-id=\"102871f\" data-element_type=\"container\" data-e-type=\"container\">\n\t\t\t\t\t<div class=\"e-con-inner\">\n\t\t\t\t<div class=\"elementor-element elementor-element-1bd1419 elementor-widget elementor-widget-text-editor\" data-id=\"1bd1419\" data-element_type=\"widget\" data-e-type=\"widget\" data-widget_type=\"text-editor.default\">\n\t\t\t\t\t\t\t\t\t<div class=\"wpb_text_column wpb_content_element \"><div class=\"wpb_wrapper\"><p>O Reino Grillz (tamb\u00e9m conhecido como Programa de Fidelidade da Gorilla Grillz) \u00e9 um programa de recompensas para clientes (&#8220;Programa&#8221;) administrado e gerenciado pela Southern Pharma Spain SL (&#8220;Gorilla Grillz&#8221;, &#8220;n\u00f3s&#8221; ou &#8220;nosso&#8221;) em benef\u00edcio dos clientes (&#8220;Cliente&#8221; ou &#8220;voc\u00ea&#8221;). O programa \u00e9 automaticamente ativado ao criar um arquivo de cliente fornecendo informa\u00e7\u00f5es pessoais para o banco de dados da Gorilla Grillz (&#8220;arquivo de cliente&#8221;) online por meio do campo de registro do programa em gorillagrillz.com.<\/p><p>Ao optar pelo Reino Grillz, voc\u00ea concorda com os Termos e Condi\u00e7\u00f5es do Programa Reino Grillz estabelecidos aqui e com nossa Pol\u00edtica de Privacidade. Leia atentamente esses Termos e Condi\u00e7\u00f5es e a Pol\u00edtica de Privacidade antes de fazer compras em gorillagrillz.com. Consulte nossa Pol\u00edtica de Privacidade em <a href=\"https:\/\/www.gorillagrillz.com\/politica-privacidad\/\" target=\"_new\">https:\/\/www.gorillagrillz.com\/politica-privacidad\/<\/a> para obter mais detalhes sobre o uso de suas informa\u00e7\u00f5es pessoais e os procedimentos de exclus\u00e3o.<\/p><h2>PARTICIPA\u00c7\u00c3O E COMPOSI\u00c7\u00c3O<\/h2><p>A participa\u00e7\u00e3o no programa est\u00e1 aberta apenas a todos os clientes que t\u00eam acesso ao nosso site. \u00c9 reservado para maiores de idade, maiores de 18 anos.<\/p><h3>C\u00c1LCULO DOS PONTOS DO REINO GRILLZ<\/h3><p>Compras em nossa loja online se converter\u00e3o em pontos sempre que voc\u00ea usar o endere\u00e7o de e-mail associado \u00e0 sua conta Reino Grillz. O Reino Grillz exclui devolu\u00e7\u00f5es, reembolsos, despesas de envio e a compra de cart\u00f5es-presente. O gasto no Reino Grillz inclui impostos, assim como em qualquer outro pedido.<\/p><p>Seu gasto no Reino Grillz ser\u00e1 calculado e acumulado ao longo de um per\u00edodo de 12 meses, e seu saldo de pontos \u00e9 acess\u00edvel em tempo real. A Gorilla Grillz reserva o direito de alterar os saldos de pontos se acreditar que algu\u00e9m est\u00e1 acumulando pontos injustamente fora das regras estabelecidas neste documento.<\/p><p>Os pontos ganhos como parte deste programa de fidelidade n\u00e3o podem ser trocados por dinheiro ou valor monet\u00e1rio.<\/p><h3>N\u00cdVEIS DO REINO GRILLZ:<\/h3><p>Como parte do Programa, voc\u00ea desbloquear\u00e1 os n\u00edveis do Reino Grillz comprando produtos em nossa loja online e\/ou realizando certos comportamentos para ganhar pontos:<\/p><p>A FLORESTA &#8211; Voc\u00ea precisa de 0-99 pontos.<\/p><p>REF\u00daGIO &#8211; Voc\u00ea precisa de 100-249 pontos.<\/p><p>POVOADO &#8211; Voc\u00ea precisa de 250-749 pontos.<\/p><p>TEMPLO &#8211; Voc\u00ea precisa de mais de 750 pontos.<\/p><p>Depois de desbloquear um n\u00edvel do Reino Grillz, voc\u00ea manter\u00e1 esse n\u00edvel por 3 meses. Para permanecer neste n\u00edvel antes do t\u00e9rmino de 3 meses, \u00e9 necess\u00e1rio ganhar os pontos m\u00ednimos atribu\u00eddos a cada n\u00edvel.<\/p><p>Qualquer transa\u00e7\u00e3o que ocorra em uma das lojas parceiras da Gorilla Grillz n\u00e3o ser\u00e1 contabilizada para o Programa de Fidelidade do Reino Grillz. Os pedidos feitos online podem levar at\u00e9 36 horas para aparecer no painel de controle de um cliente.<\/p><p>Na medida em que um n\u00edvel do Reino Grillz tenha sido alcan\u00e7ado por voc\u00ea em rela\u00e7\u00e3o a uma viola\u00e7\u00e3o destes Termos e Condi\u00e7\u00f5es ou de outra forma atribu\u00eddo incorretamente, incluindo como resultado de um erro por parte da Gorilla Grillz, podemos ajustar seu n\u00edvel do Reino Grillz na medida necess\u00e1ria para abordar a viola\u00e7\u00e3o ou erro (conforme permitido pelo contexto). Quando um Cliente recebe um reembolso por produtos adquiridos na Gorilla Grillz, tamb\u00e9m \u00e9 feito um ajuste na conta do Reino Grillz pelo valor do reembolso concedido.<\/p><h3>REFER\u00caNCIAS<\/h3><p>Estes termos e condi\u00e7\u00f5es se aplicam ao componente de refer\u00eancia do programa Reino Grillz da Gorilla Grillz. Ao indicar um amigo, o cliente que indica concorda em estar vinculado a estes termos e condi\u00e7\u00f5es. Este programa \u00e9 gerenciado pela Yithemes.com, Inc. (&#8220;YITH&#8221;). O uso do Programa \u00e9 regido pelos termos e condi\u00e7\u00f5es da Yithemes.com, al\u00e9m dos termos e condi\u00e7\u00f5es estabelecidos abaixo:<\/p><p>Uma Refer\u00eancia \u00e9 definida como uma compra feita por um cliente (o cliente indicado) exclusivamente usando o c\u00f3digo de desconto de refer\u00eancia de outro cliente (o cliente indicante). Se um cliente indicado n\u00e3o usar\/resgatar este c\u00f3digo de desconto exclusivo para fazer uma compra, essa compra n\u00e3o ser\u00e1 considerada uma refer\u00eancia. Para cada compra \u00fanica feita por um cliente devido a uma refer\u00eancia, o cliente indicante receber\u00e1 o valor do desconto concedido como parte do programa. As refer\u00eancias est\u00e3o sujeitas a verifica\u00e7\u00e3o e devem ser de novos clientes da Gorilla Grillz. A Gorilla Grillz pode retirar a oferta de refer\u00eancia quando considerar que um cliente indicou um cliente sob circunst\u00e2ncias fraudulentas ou suspeitas e\/ou est\u00e1 violando estes Termos e Condi\u00e7\u00f5es.<\/p><h3>TRANSFER\u00caNCIAS E ARQUIVOS DE CLIENTES<\/h3><p>Transa\u00e7\u00f5es de outros clientes online n\u00e3o podem ser transferidas para outro cliente para que outra pessoa obtenha pontos do Reino Grillz.<\/p><p>S\u00f3 pode haver um cliente por cada associa\u00e7\u00e3o Reino Grillz. Transa\u00e7\u00f5es de m\u00faltiplos arquivos de clientes n\u00e3o podem ser combinadas em um \u00fanico valor de gasto do Reino Grillz. \u00c9 responsabilidade sua garantir que a Gorilla Grillz tenha apenas um arquivo de cliente para voc\u00ea. Se voc\u00ea suspeitar que tem mais de um arquivo de cliente, entre em contato com nossa equipe de atendimento ao cliente.<\/p><p>Os pontos do Reino Grillz n\u00e3o podem ser vendidos, transferidos, atribu\u00eddos ou de outra forma tratados, exceto de acordo com estes Termos e Condi\u00e7\u00f5es. Os pontos do Reino Grillz n\u00e3o t\u00eam valor monet\u00e1rio ou em dinheiro e n\u00e3o podem ser retirados ou trocados por dinheiro ou equivalente.<\/p><h3>RECOMPENSAS\/BENEF\u00cdCIOS<\/h3><p>Qualquer recompensa, presente, benef\u00edcio ou oferta comunicados como parte do Programa de Fidelidade do Reino Grillz podem incluir termos e condi\u00e7\u00f5es espec\u00edficos da oferta, incluindo datas de validade e condi\u00e7\u00f5es de resgate. Voc\u00ea deve ler atentamente esses Termos e Condi\u00e7\u00f5es. Somente os membros do Reino Grillz que recebem nossas comunica\u00e7\u00f5es s\u00e3o eleg\u00edveis para usar e resgatar qualquer recompensa, presente, benef\u00edcio ou oferta. Todas as ofertas, presentes, benef\u00edcios ou recompensas n\u00e3o s\u00e3o transfer\u00edveis e n\u00e3o podem ser trocados por dinheiro ou equivalente.<\/p><p>Todos os presentes, benef\u00edcios ou ofertas do Reino Grillz est\u00e3o sujeitos \u00e0 disponibilidade. A Gorilla Grillz n\u00e3o \u00e9 respons\u00e1vel por recompensas, presentes, benef\u00edcios ou ofertas que n\u00e3o estejam dispon\u00edveis por qualquer motivo.<\/p><p>Se voc\u00ea optou por n\u00e3o receber nossas comunica\u00e7\u00f5es do Reino Grillz, voc\u00ea n\u00e3o poder\u00e1 receber nenhuma recompensa ou benef\u00edcio do programa.<\/p><p>A Gorilla Grillz reserva o direito de alterar ou retirar as recompensas e presentes do Reino Grillz e estes termos a qualquer momento, sem aviso pr\u00e9vio.<\/p><h3>CONTE\u00daDO EXCLUSIVO<\/h3><p>O conte\u00fado ser\u00e1 fornecido a voc\u00ea por meio do seu e-mail fornecido no momento do cadastro. Voc\u00ea deve se inscrever para receber e-mails da Gorilla Grillz e do Reino Grillz para receber qualquer e-mail relacionado ao Reino Grillz (isso inclui e-mails promocionais e de vendas). Se voc\u00ea n\u00e3o estiver recebendo e-mails do Reino Grillz, entre em contato conosco em <a target=\"_new\">reinogrillz@gorillagrillz.com<\/a>.<\/p><h3>CONCURSOS<\/h3><p>Cada categoria de pr\u00eamios maiores ter\u00e1 seu pr\u00f3prio conjunto de termos e condi\u00e7\u00f5es. Os concursos s\u00e3o programados aleatoriamente ao longo do ano calend\u00e1rio.<\/p><h3>MUDAN\u00c7A DE DETALHES<\/h3><p>Voc\u00ea deve informar a Gorilla Grillz sobre qualquer mudan\u00e7a de nome ou endere\u00e7o de e-mail por meio de sua conta Reino Grillz. A Gorilla Grillz n\u00e3o se responsabiliza por n\u00e3o notificar sobre a mudan\u00e7a de seus dados, o que pode resultar em n\u00e3o receber os benef\u00edcios das comunica\u00e7\u00f5es e recompensas, presentes ou benef\u00edcios do Reino Grillz ou na perda ou degrada\u00e7\u00e3o de um n\u00edvel do Reino Grillz. As mudan\u00e7as em seus dados podem ser feitas por meio de sua conta Reino Grillz.<\/p><h3>SUSPENS\u00c3O E\/OU TERMINA\u00c7\u00c3O<\/h3><p>A Gorilla Grillz pode suspender ou encerrar imediatamente sua participa\u00e7\u00e3o no Programa Reino Grillz sem aviso pr\u00e9vio se: (a) voc\u00ea violou estes Termos e Condi\u00e7\u00f5es; (b) voc\u00ea se envolveu ou pode se envolver em conduta fraudulenta, ou conduta suspeita de ser fraudulenta, relacionada \u00e0 Gorilla Grillz, ao Reino Grillz ou ao seu arquivo de clientes; (c) voc\u00ea se envolveu em comportamento inadequado que prejudica a reputa\u00e7\u00e3o ou os interesses leg\u00edtimos da Gorilla Grillz; (d) voc\u00ea forneceu ou est\u00e1 tentando fornecer informa\u00e7\u00f5es falsas ou enganosas para a Gorilla Grillz; (e) voc\u00ea est\u00e1 vendendo, cedendo, transferindo, adquirindo ou oferecendo vender, ceder, transferir ou adquirir qualquer pr\u00eamio, presente, oferta ou benef\u00edcio da Gorilla Grillz que n\u00e3o esteja de acordo com estes Termos e Condi\u00e7\u00f5es; (f) agir de maneira hostil, abusiva ou agressiva contra qualquer pessoal da Gorilla Grillz; ou (g) violar.<\/p><p>Quando o seu direito de participar no Programa Reino Grillz for suspenso ou terminado, qualquer benef\u00edcio, recompensa, direito e n\u00edvel do Reino Grillz que voc\u00ea possa ter naquele momento no \u00e2mbito do Reino Grillz ser\u00e1 suspenso ou terminado (conforme aplic\u00e1vel).<\/p><p>A participa\u00e7\u00e3o do Cliente no Programa Rosado do Hotel pode ser cancelada por Frank Body ou pelo Cliente ao dar \u00e0 outra parte pelo menos 30 dias de anteced\u00eancia por escrito.<\/p><h3>GARANTIAS E RESPONSABILIDADES<\/h3><p>Todas as condi\u00e7\u00f5es, garantias, direitos, recursos, responsabilidades ou outros termos que possam ser impl\u00edcitos ou impostos pela praxe, sob a lei geral ou por lei, quer expressa ou implicitamente, quanto \u00e0 condi\u00e7\u00e3o, adequa\u00e7\u00e3o, qualidade, estado f\u00edsico ou seguran\u00e7a dos bens ou servi\u00e7os fornecidos no \u00e2mbito do Programa Reino Grillz (&#8220;Garantias&#8221;) est\u00e3o expressamente exclu\u00eddos na medida permitida por lei.<\/p><p>Nada do que est\u00e1 contido nestes Termos e Condi\u00e7\u00f5es exclui, restringe ou modifica a aplica\u00e7\u00e3o de qualquer condi\u00e7\u00e3o, garantia ou outra obriga\u00e7\u00e3o, o exerc\u00edcio de qualquer direito ou recurso, ou a imposi\u00e7\u00e3o de qualquer responsabilidade ao abrigo da Lei de Concorr\u00eancia e Consumo de 2010 (Cth) ou qualquer outra legisla\u00e7\u00e3o nacional, estadual ou territorial (as &#8220;leis&#8221;) nos casos em que tal seja ilegal. Na medida permitida por lei, quando o benef\u00edcio de qualquer uma dessas condi\u00e7\u00f5es, garantias ou outras obriga\u00e7\u00f5es for conferido ao Cliente de acordo com qualquer dos Atos, a responsabilidade exclusiva da Gorilla Grillz por incumprimento de qualquer uma dessas condi\u00e7\u00f5es, garantias ou outras obriga\u00e7\u00f5es limita-se a:<\/p><ul><li>no caso de mercadorias, o fornecimento de bens ou a presta\u00e7\u00e3o de servi\u00e7os novos ou o pagamento dos custos decorrentes do fornecimento de bens ou da presta\u00e7\u00e3o de servi\u00e7os novos;<\/li><li>no caso de qualquer reclama\u00e7\u00e3o relacionada a pontos, ao cr\u00e9dito desse n\u00famero de pontos na conta do cliente, ou<\/li><li>no caso de qualquer reclama\u00e7\u00e3o relacionada a uma recompensa, ao cr\u00e9dito do n\u00famero de pontos resgat\u00e1veis por essa recompensa em sua conta do Programa Reino Grillz.<\/li><\/ul><p>Na medida permitida por lei, a Gorilla Grillz n\u00e3o ser\u00e1 respons\u00e1vel perante o Cliente (ou qualquer pessoa que reivindique em nome ou atrav\u00e9s do Cliente) ou qualquer terceiro por:<\/p><p>qualquer les\u00e3o pessoal ou morte do Cliente ou de terceiros;<br \/>danos, despesas, perdas ou passivos indiretos, consequenciais, incidentais, especiais ou exemplares;<br \/>a perda, roubo ou destrui\u00e7\u00e3o de uma recompensa, presente, oferta ou benef\u00edcio do Reino Grillz, ou<br \/>qualquer atraso na substitui\u00e7\u00e3o de uma recompensa, presente ou benef\u00edcio ou no uso n\u00e3o autorizado de qualquer recompensa, presente, benef\u00edcio ou Reino Grillz, decorrente, relacionado ou associado \u00e0 presta\u00e7\u00e3o ou uso do Programa Reino Grillz, qualquer recompensa, presente, oferta ou benef\u00edcio ou qualquer bem ou servi\u00e7o fornecido pela Gorilla Grillz.<\/p><p>A Gorilla Grillz n\u00e3o ser\u00e1 respons\u00e1vel perante o Cliente ou terceiros por qualquer atraso ou falha no cumprimento de suas obriga\u00e7\u00f5es nos termos destes Termos e Condi\u00e7\u00f5es decorrentes de qualquer causa fora de seu controle, incluindo, mas n\u00e3o se limitando a, atos governamentais, guerra, inc\u00eandio, inunda\u00e7\u00e3o, explos\u00e3o ou dist\u00farbio civil, danos intencionais, cumprimento de qualquer lei ou ordem governamental, regra, regulamento ou dire\u00e7\u00e3o, acidente, falha de instala\u00e7\u00f5es ou equipamentos, inc\u00eandio, inunda\u00e7\u00e3o, tempestade ou falha de terceiros fornecedores ou a\u00e7\u00e3o ou omiss\u00e3o, fornecedores de hospedagem ou centros de dados ou outros fornecedores ou subcontratados.<\/p><h3>INFORMA\u00c7\u00d5ES GERAIS<\/h3><p>A Gorilla Grillz reserva expressamente o direito de alterar os elementos do programa Reino Grillz (incluindo, entre outros, os n\u00edveis Reino Grillz, as datas de validade ou a forma como as recompensas, presentes, benef\u00edcios ou ofertas do Reino Grillz s\u00e3o obtidos e resgatados) ou de encerrar o Reino Grillz a qualquer momento (sem qualquer responsabilidade para com o Cliente ou qualquer terceiro). A Gorilla Grillz far\u00e1 o poss\u00edvel para notificar antecipadamente todos os Clientes de quaisquer mudan\u00e7as significativas por escrito ou publicando-as em nosso site ou outros canais. Se n\u00e3o concordar com essas mudan\u00e7as, pode cancelar sua participa\u00e7\u00e3o no Programa Reino Grillz, desde que forne\u00e7a \u00e0 Gorilla Grillz pelo menos 30 dias de aviso por escrito ap\u00f3s a data em que recebeu o aviso por escrito das mudan\u00e7as ou as mudan\u00e7as foram publicadas em nosso site ou outros canais de m\u00eddia social.<\/p><p>Considerar-se-\u00e1 que a Gorilla Grillz lhe deu aviso ou comunica\u00e7\u00e3o se for enviado para o seu endere\u00e7o de e-mail listado em seu arquivo de Cliente ou se for publicado de outra forma em nosso site ou outros canais de m\u00eddia social.<\/p><p>Visite nosso site para obter a vers\u00e3o mais recente destes Termos e Condi\u00e7\u00f5es.<\/p><p>\u00c9 da sua exclusiva responsabilidade o pagamento de quaisquer impostos governamentais, taxas ou outras cobran\u00e7as impostas pela lei em qualquer pa\u00eds em rela\u00e7\u00e3o ao Programa Reino Grillz, sua participa\u00e7\u00e3o no Programa Reino Grillz, as recompensas do Reino Grillz oferecidas ou qualquer outra transa\u00e7\u00e3o dentro ou decorrente do Reino Grillz.<\/p><p>Se alguma disposi\u00e7\u00e3o (ou parte de uma disposi\u00e7\u00e3o) destes Termos e Condi\u00e7\u00f5es for considerada inv\u00e1lida, inexequ\u00edvel ou ilegal por qualquer tribunal ou \u00f3rg\u00e3o administrativo com jurisdi\u00e7\u00e3o competente, as demais disposi\u00e7\u00f5es permanecer\u00e3o em vigor. Se alguma disposi\u00e7\u00e3o inv\u00e1lida, inexequ\u00edvel ou ilegal for v\u00e1lida, exequ\u00edvel ou legal se alguma parte dela for removida, a disposi\u00e7\u00e3o ser\u00e1 aplicada com qualquer modifica\u00e7\u00e3o necess\u00e1ria para efetivar a inten\u00e7\u00e3o comercial das partes.<\/p><h3>LEI APLIC\u00c1VEL<\/h3><p>Estes Termos e Condi\u00e7\u00f5es, e sua participa\u00e7\u00e3o no Programa Reino Grillz, ser\u00e3o regidos e interpretados de acordo com as leis de Espanha e da Uni\u00e3o Europeia, independentemente de onde a inscri\u00e7\u00e3o do Cliente tenha sido conclu\u00edda. Em qualquer a\u00e7\u00e3o ou outro processo legal relacionado a qualquer assunto ou coisa em rela\u00e7\u00e3o a estes Termos e Condi\u00e7\u00f5es, e sua participa\u00e7\u00e3o no Programa Reino Grillz, submete-se \u00e0 jurisdi\u00e7\u00e3o n\u00e3o exclusiva dos tribunais de Espanha.<\/p><\/div><\/div>\t\t\t\t\t\t\t\t<\/div>\n\t\t\t\t\t<\/div>\n\t\t\t\t<\/div>\n\t\t\t\t<\/div>\n\t\t","protected":false},"excerpt":{"rendered":"<p>O Reino Grillz (tamb\u00e9m conhecido como Programa de Fidelidade da Gorilla Grillz) \u00e9 um programa de recompensas para clientes (&#8220;Programa&#8221;) administrado e gerenciado pela Southern Pharma Spain SL (&#8220;Gorilla Grillz&#8221;, &#8220;n\u00f3s&#8221; ou &#8220;nosso&#8221;) em benef\u00edcio dos clientes (&#8220;Cliente&#8221; ou &#8220;voc\u00ea&#8221;). O programa \u00e9 automaticamente ativado ao criar um arquivo de cliente fornecendo informa\u00e7\u00f5es pessoais para [&hellip;]<\/p>\n","protected":false},"author":37,"featured_media":0,"parent":0,"menu_order":0,"comment_status":"closed","ping_status":"closed","template":"elementor_header_footer","meta":{"_acf_changed":false,"site-sidebar-layout":"default","site-content-layout":"","ast-site-content-layout":"default","site-content-style":"default","site-sidebar-style":"default","ast-global-header-display":"","ast-banner-title-visibility":"","ast-main-header-display":"","ast-hfb-above-header-display":"","ast-hfb-below-header-display":"","ast-hfb-mobile-header-display":"","site-post-title":"","ast-breadcrumbs-content":"","ast-featured-img":"","footer-sml-layout":"","ast-disable-related-posts":"","theme-transparent-header-meta":"","adv-header-id-meta":"","stick-header-meta":"","header-above-stick-meta":"","header-main-stick-meta":"","header-below-stick-meta":"","astra-migrate-meta-layouts":"default","ast-page-background-enabled":"default","ast-page-background-meta":{"desktop":{"background-color":"var(--ast-global-color-4)","background-image":"","background-repeat":"repeat","background-position":"center center","background-size":"auto","background-attachment":"scroll","background-type":"","background-media":"","overlay-type":"","overlay-color":"","overlay-opacity":"","overlay-gradient":""},"tablet":{"background-color":"","background-image":"","background-repeat":"repeat","background-position":"center center","background-size":"auto","background-attachment":"scroll","background-type":"","background-media":"","overlay-type":"","overlay-color":"","overlay-opacity":"","overlay-gradient":""},"mobile":{"background-color":"","background-image":"","background-repeat":"repeat","background-position":"center center","background-size":"auto","background-attachment":"scroll","background-type":"","background-media":"","overlay-type":"","overlay-color":"","overlay-opacity":"","overlay-gradient":""}},"ast-content-background-meta":{"desktop":{"background-color":"var(--ast-global-color-5)","background-image":"","background-repeat":"repeat","background-position":"center center","background-size":"auto","background-attachment":"scroll","background-type":"","background-media":"","overlay-type":"","overlay-color":"","overlay-opacity":"","overlay-gradient":""},"tablet":{"background-color":"var(--ast-global-color-5)","background-image":"","background-repeat":"repeat","background-position":"center center","background-size":"auto","background-attachment":"scroll","background-type":"","background-media":"","overlay-type":"","overlay-color":"","overlay-opacity":"","overlay-gradient":""},"mobile":{"background-color":"var(--ast-global-color-5)","background-image":"","background-repeat":"repeat","background-position":"center center","background-size":"auto","background-attachment":"scroll","background-type":"","background-media":"","overlay-type":"","overlay-color":"","overlay-opacity":"","overlay-gradient":""}},"footnotes":""},"class_list":["post-79054","page","type-page","status-publish","hentry"],"acf":[],"_links":{"self":[{"href":"https:\/\/www.gorillagrillz.com\/pt-pt\/wp-json\/wp\/v2\/pages\/79054","targetHints":{"allow":["GET"]}}],"collection":[{"href":"https:\/\/www.gorillagrillz.com\/pt-pt\/wp-json\/wp\/v2\/pages"}],"about":[{"href":"https:\/\/www.gorillagrillz.com\/pt-pt\/wp-json\/wp\/v2\/types\/page"}],"author":[{"embeddable":true,"href":"https:\/\/www.gorillagrillz.com\/pt-pt\/wp-json\/wp\/v2\/users\/37"}],"replies":[{"embeddable":true,"href":"https:\/\/www.gorillagrillz.com\/pt-pt\/wp-json\/wp\/v2\/comments?post=79054"}],"version-history":[{"count":0,"href":"https:\/\/www.gorillagrillz.com\/pt-pt\/wp-json\/wp\/v2\/pages\/79054\/revisions"}],"wp:attachment":[{"href":"https:\/\/www.gorillagrillz.com\/pt-pt\/wp-json\/wp\/v2\/media?parent=79054"}],"curies":[{"name":"wp","href":"https:\/\/api.w.org\/{rel}","templated":true}]}}