
{"id":79020,"date":"2021-06-15T13:54:37","date_gmt":"2021-06-15T13:54:37","guid":{"rendered":"https:\/\/www.gorillagrillz.com\/?page_id=79020"},"modified":"2026-03-18T12:48:46","modified_gmt":"2026-03-18T12:48:46","slug":"certificados","status":"publish","type":"page","link":"https:\/\/www.gorillagrillz.com\/pt-pt\/certificados\/","title":{"rendered":"Certificados"},"content":{"rendered":"\t\t<div data-elementor-type=\"wp-page\" data-elementor-id=\"79020\" class=\"elementor elementor-79020 elementor-6322\" data-elementor-post-type=\"page\">\n\t\t\t\t<div data-particle_enable=\"false\" data-particle-mobile-disabled=\"false\" class=\"elementor-element elementor-element-7d17906a e-flex e-con-boxed e-con e-parent\" data-id=\"7d17906a\" data-element_type=\"container\" data-e-type=\"container\">\n\t\t\t\t\t<div class=\"e-con-inner\">\n\t\t\t\t\t<\/div>\n\t\t\t\t<\/div>\n\t\t<div data-particle_enable=\"false\" data-particle-mobile-disabled=\"false\" class=\"elementor-element elementor-element-6b6c384 e-flex e-con-boxed e-con e-parent\" data-id=\"6b6c384\" data-element_type=\"container\" data-e-type=\"container\">\n\t\t\t\t\t<div class=\"e-con-inner\">\n\t\t\t\t<div class=\"elementor-element elementor-element-99848cd elementor-widget elementor-widget-html\" data-id=\"99848cd\" data-element_type=\"widget\" data-e-type=\"widget\" data-widget_type=\"html.default\">\n\t\t\t\t\t<script>\n    \n    \n    document.addEventListener(\"DOMContentLoaded\", function() {\n    function lazyLoadPDFs() {\n        let iframes = document.querySelectorAll(\"iframe.pdfjs-iframe\");\n\n        iframes.forEach(iframe => {\n            if (!iframe.dataset.src) {\n                iframe.dataset.src = iframe.src; \/\/ Guarda el src en data-src\n                iframe.removeAttribute(\"src\"); \/\/ Evita la carga inmediata\n                iframe.classList.add(\"lazyload\"); \/\/ A\u00f1ade clase para rastrear\n            }\n        });\n\n        let observer = new IntersectionObserver((entries, observer) => {\n            entries.forEach(entry => {\n                if (entry.isIntersecting) {\n                    let iframe = entry.target;\n                    iframe.src = iframe.dataset.src; \/\/ Carga el PDF\n                    iframe.classList.remove(\"lazyload\");\n                    observer.unobserve(iframe); \/\/ Deja de observar\n                }\n            });\n        }, { rootMargin: \"100px\" }); \/\/ Carga un poco antes de que sea visible\n\n        document.querySelectorAll(\".lazyload\").forEach(iframe => observer.observe(iframe));\n    }\n\n    \/\/ Espera 1s para asegurar que el plugin haya renderizado los PDFs\n    setTimeout(lazyLoadPDFs, 1000);\n});\n\n    \n    \n<\/script>\t\t\t\t<\/div>\n\t\t\t\t\t<\/div>\n\t\t\t\t<\/div>\n\t\t<div data-particle_enable=\"false\" data-particle-mobile-disabled=\"false\" class=\"elementor-element elementor-element-7346367 e-flex e-con-boxed e-con e-parent\" data-id=\"7346367\" data-element_type=\"container\" data-e-type=\"container\">\n\t\t\t\t\t<div class=\"e-con-inner\">\n\t\t\t\t<div class=\"elementor-element elementor-element-69cbafe elementor-widget elementor-widget-html\" data-id=\"69cbafe\" data-element_type=\"widget\" data-e-type=\"widget\" data-widget_type=\"html.default\">\n\t\t\t\t\t<style>\r\n  .gg-certificados-wrap{\r\n    max-width: 980px;\r\n    margin: 0 auto;\r\n    padding: 24px 16px;\r\n    font-family: inherit;\r\n  }\r\n\r\n  .gg-certificados-header{\r\n    text-align: center;\r\n    margin-bottom: 24px;\r\n  }\r\n\r\n\r\n\r\n  .gg-certificados-header p{\r\n    margin: 0;\r\n    font-size: 16px;\r\n    color: #666;\r\n  }\r\n\r\n  .gg-certificados-block{\r\n    margin-bottom: 26px;\r\n  }\r\n\r\n  .gg-certificados-block h3{\r\n    margin: 0 0 10px;\r\n    font-size: 18px;\r\n    line-height: 1.2;\r\n    color: #111;\r\n    font-weight: 800;\r\n    padding-left: 2px;\r\n  }\r\n\r\n  .gg-certificados-list{\r\n    list-style: none;\r\n    margin: 0;\r\n    padding: 0;\r\n    background: #fff;\r\n    border: 2px solid #111;\r\n    border-radius: 18px;\r\n    overflow: hidden;\r\n    box-shadow: 0 8px 22px rgba(0,0,0,0.06);\r\n  }\r\n\r\n  .gg-certificados-list li{\r\n    border-bottom: 1px solid #ececec;\r\n  }\r\n\r\n  .gg-certificados-list li:last-child{\r\n    border-bottom: none;\r\n  }\r\n\r\n  .gg-certificados-list a{\r\n    display: block;\r\n    padding: 15px 18px;\r\n    text-decoration: none !important;\r\n    color: #111 !important;\r\n    transition: background .2s ease, padding-left .2s ease;\r\n  }\r\n\r\n  .gg-certificados-list a:hover{\r\n    background: #fff8e1;\r\n    padding-left: 22px;\r\n  }\r\n\r\n  .gg-cert-title{\r\n    display: block;\r\n    font-size: 16px;\r\n    font-weight: 700;\r\n    line-height: 1.35;\r\n    color: #111;\r\n  }\r\n\r\n  @media (max-width: 767px){\r\n    .gg-certificados-wrap{\r\n      padding: 18px 12px;\r\n    }\r\n\r\n    .gg-certificados-header h1{\r\n      font-size: 25px;\r\n    }\r\n\r\n    .gg-certificados-header p{\r\n      font-size: 14px;\r\n    }\r\n\r\n    .gg-certificados-list{\r\n      border-radius: 14px;\r\n    }\r\n\r\n    .gg-certificados-list a{\r\n      padding: 14px 14px;\r\n    }\r\n\r\n    .gg-certificados-list a:hover{\r\n      padding-left: 18px;\r\n    }\r\n\r\n    .gg-cert-title{\r\n      font-size: 15px;\r\n    }\r\n  }\r\n<\/style>\r\n\r\n<div class=\"gg-certificados-wrap\">\r\n  <div class=\"gg-certificados-header\">\r\n    <h1>Certificados<\/h1>\r\n    <p>Selecione um certificado para o visualizar ou descarreg\u00e1-lo.<\/p>\r\n  <\/div>\r\n\r\n  <!-- FLORES -->\r\n  <div class=\"gg-certificados-block\">\r\n    <h3>Flores<\/h3>\r\n    <ul class=\"gg-certificados-list\">\r\n      <li><a href=\"https:\/\/www.gorillagrillz.com\/certificados\/amnesia-47\/\"><span class=\"gg-cert-title\">AMNESIA CBD 47<\/span><\/a><\/li>\r\n      <li><a href=\"https:\/\/www.gorillagrillz.com\/certificados\/cherry-kush\/\"><span class=\"gg-cert-title\">CHERRY KUSH CBD<\/span><\/a><\/li>\r\n      <li><a href=\"https:\/\/www.gorillagrillz.com\/certificados\/crunchy-buds-blue-riot\/\"><span class=\"gg-cert-title\">CRUNCHY BUDS BLUE RIOT<\/span><\/a><\/li>\r\n      <li><a href=\"https:\/\/www.gorillagrillz.com\/certificados\/crunchy-buds-yellow-riot\/\"><span class=\"gg-cert-title\">CRUNCHY BUDS YELLOW RIOT<\/span><\/a><\/li>\r\n      <li><a href=\"https:\/\/www.gorillagrillz.com\/certificados\/lemon-haze\/\"><span class=\"gg-cert-title\">LEMON HAZE CBD<\/span><\/a><\/li>\r\n      <li><a href=\"https:\/\/www.gorillagrillz.com\/certificados\/orange-cookies-cbd\/\"><span class=\"gg-cert-title\">ORANGE COOKIES CBD<\/span><\/a><\/li>\r\n      <li><a href=\"https:\/\/www.gorillagrillz.com\/certificados\/small-buds\/\"><span class=\"gg-cert-title\">SMALL BUDS<\/span><\/a><\/li>\r\n      <li><a href=\"https:\/\/www.gorillagrillz.com\/certificados\/strawberry-cbd\/\"><span class=\"gg-cert-title\">STRAWBERRY CBD<\/span><\/a><\/li>\r\n      <li><a href=\"https:\/\/www.gorillagrillz.com\/certificados\/trim-mix\/\"><span class=\"gg-cert-title\">TRIM MIX<\/span><\/a><\/li>\r\n      <li><a href=\"https:\/\/www.gorillagrillz.com\/certificados\/zkittlez\/\"><span class=\"gg-cert-title\">ZKITTLEZ CBD<\/span><\/a><\/li>\r\n\r\n      <li><a href=\"https:\/\/www.gorillagrillz.com\/certificados\/forbidden-fruit\/\"><span class=\"gg-cert-title\">FORBIDDEN FRUIT CBD<\/span><\/a><\/li>\r\n      <li><a href=\"https:\/\/www.gorillagrillz.com\/certificados\/gelato\/\"><span class=\"gg-cert-title\">GELATO CBD<\/span><\/a><\/li>\r\n      <li><a href=\"https:\/\/www.gorillagrillz.com\/certificados\/gorilla-grillz\/\"><span class=\"gg-cert-title\">GORILLA GRILLZ<\/span><\/a><\/li>\r\n      <li><a href=\"https:\/\/www.gorillagrillz.com\/certificados\/leeroy-jenkins\/\"><span class=\"gg-cert-title\">LEEROY JENKINS<\/span><\/a><\/li>\r\n\r\n      <li><a href=\"https:\/\/www.gorillagrillz.com\/certificados\/banana-gg\/\"><span class=\"gg-cert-title\">BANANA GG CBD<\/span><\/a><\/li>\r\n      <li><a href=\"https:\/\/www.gorillagrillz.com\/certificados\/wedding-cake\/\"><span class=\"gg-cert-title\">WEDDING CAKE CBD<\/span><\/a><\/li>\r\n\r\n      <li><a href=\"https:\/\/www.gorillagrillz.com\/certificados\/ice-rock\/\"><span class=\"gg-cert-title\">ICE ROCK CBD<\/span><\/a><\/li>\r\n      <li><a href=\"https:\/\/www.gorillagrillz.com\/certificados\/moon-rock\/\"><span class=\"gg-cert-title\">MOON ROCK CBD<\/span><\/a><\/li>\r\n    <\/ul>\r\n  <\/div>\r\n\r\n  <!-- HASH -->\r\n  <div class=\"gg-certificados-block\">\r\n    <h3>Hash<\/h3>\r\n    <ul class=\"gg-certificados-list\">\r\n      <li><a href=\"https:\/\/www.gorillagrillz.com\/certificados\/gg-hash-bread-cookies\/\"><span class=\"gg-cert-title\">GG BREAD COOKIES<\/span><\/a><\/li>\r\n      <li><a href=\"https:\/\/www.gorillagrillz.com\/certificados\/gg-hash-bubble-cream\/\"><span class=\"gg-cert-title\">GG HASH BUBBLE CREAM<\/span><\/a><\/li>\r\n      <li><a href=\"https:\/\/www.gorillagrillz.com\/certificados\/gg-hash-cbn-black-mamba\/\"><span class=\"gg-cert-title\">GG HASH CBN BLACK MAMBA<\/span><\/a><\/li>\r\n      <li><a href=\"https:\/\/www.gorillagrillz.com\/certificados\/gg-hash-girl-scout-cookies\/\"><span class=\"gg-cert-title\">GG HASH GIRL SCOUT COOKIES<\/span><\/a><\/li>\r\n      <li><a href=\"https:\/\/www.gorillagrillz.com\/certificados\/hash-cbd-orange\/\"><span class=\"gg-cert-title\">GG HASH ORANGE<\/span><\/a><\/li>\r\n      <li><a href=\"https:\/\/www.gorillagrillz.com\/certificados\/hash-cbd-papaya\/\"><span class=\"gg-cert-title\">HASH CBD PAPAYA<\/span><\/a><\/li>\r\n      <li><a href=\"https:\/\/www.gorillagrillz.com\/certificados\/gg-hash-tangie\/\"><span class=\"gg-cert-title\">GG HASH TANGIE<\/span><\/a><\/li>\r\n    <\/ul>\r\n  <\/div>\r\n\r\n  <!-- ACEITES -->\r\n  <div class=\"gg-certificados-block\">\r\n    <h3>\u00d3leos<\/h3>\r\n    <ul class=\"gg-certificados-list\">\r\n      <li><a href=\"https:\/\/www.gorillagrillz.com\/wp-content\/uploads\/2025\/07\/20250617GGR0019.pdf\" target=\"_blank\" rel=\"noopener\"><span class=\"gg-cert-title\">DAY DROPS 10%<\/span><\/a><\/li>\r\n      <li><a href=\"https:\/\/www.gorillagrillz.com\/wp-content\/uploads\/2025\/07\/20250617GGR0020.pdf\" target=\"_blank\" rel=\"noopener\"><span class=\"gg-cert-title\">NIGHT DROPS 15%<\/span><\/a><\/li>\r\n      <li><a href=\"https:\/\/www.gorillagrillz.com\/wp-content\/uploads\/2025\/07\/20250617GGR0021.pdf\" target=\"_blank\" rel=\"noopener\"><span class=\"gg-cert-title\">RELAX DROPS 25%<\/span><\/a><\/li>\r\n      <li><a href=\"https:\/\/www.gorillagrillz.com\/wp-content\/uploads\/2025\/07\/20250617GGR0022.pdf\" target=\"_blank\" rel=\"noopener\"><span class=\"gg-cert-title\">GORILLA DROPS 40%<\/span><\/a><\/li>\r\n      <li><a href=\"https:\/\/www.gorillagrillz.com\/wp-content\/uploads\/2025\/07\/20250718GGR008.pdf\" target=\"_blank\" rel=\"noopener\"><span class=\"gg-cert-title\">ISOLATE 10%<\/span><\/a><\/li>\r\n      <li><a href=\"https:\/\/www.gorillagrillz.com\/wp-content\/uploads\/2025\/07\/20250718GGR010.pdf\" target=\"_blank\" rel=\"noopener\"><span class=\"gg-cert-title\">ISOLATE 25%<\/span><\/a><\/li>\r\n    <\/ul>\r\n  <\/div>\r\n\r\n  <!-- ACEITES MASCOTAS -->\r\n  <div class=\"gg-certificados-block\">\r\n    <h3>\u00d3leos para animais de estima\u00e7\u00e3o<\/h3>\r\n    <ul class=\"gg-certificados-list\">\r\n      <li><a href=\"https:\/\/www.gorillagrillz.com\/wp-content\/uploads\/2025\/07\/20250617GGR0015.pdf\" target=\"_blank\" rel=\"noopener\"><span class=\"gg-cert-title\">DOGS SALMON 3%<\/span><\/a><\/li>\r\n      <li><a href=\"https:\/\/www.gorillagrillz.com\/wp-content\/uploads\/2025\/07\/20250617GGR0017.pdf\" target=\"_blank\" rel=\"noopener\"><span class=\"gg-cert-title\">DOGS NATURAL 6%<\/span><\/a><\/li>\r\n      <li><a href=\"https:\/\/www.gorillagrillz.com\/wp-content\/uploads\/2025\/07\/20250617GGR0018.pdf\" target=\"_blank\" rel=\"noopener\"><span class=\"gg-cert-title\">DOGS SALMON 6%<\/span><\/a><\/li>\r\n      <li><a href=\"https:\/\/www.gorillagrillz.com\/wp-content\/uploads\/2025\/07\/20250617GGR0014.pdf\" target=\"_blank\" rel=\"noopener\"><span class=\"gg-cert-title\">CATS NATURAL 3%<\/span><\/a><\/li>\r\n      <li><a href=\"https:\/\/www.gorillagrillz.com\/wp-content\/uploads\/2025\/07\/20250617GGR0016.pdf\" target=\"_blank\" rel=\"noopener\"><span class=\"gg-cert-title\">CATS SALMON 3%<\/span><\/a><\/li>\r\n      <li><a href=\"https:\/\/www.gorillagrillz.com\/wp-content\/uploads\/2023\/07\/20230623GGR006-1.pdf\" target=\"_blank\" rel=\"noopener\"><span class=\"gg-cert-title\">HORSES 12%<\/span><\/a><\/li>\r\n    <\/ul>\r\n  <\/div>\r\n\r\n  <!-- VAPES -->\r\n  <div class=\"gg-certificados-block\">\r\n    <h3>Vapes<\/h3>\r\n    <ul class=\"gg-certificados-list\">\r\n      <li><a href=\"https:\/\/www.gorillagrillz.com\/wp-content\/uploads\/2025\/07\/20250617GGR035R.pdf\" target=\"_blank\" rel=\"noopener\"><span class=\"gg-cert-title\">GORILLA GRILLZ<\/span><\/a><\/li>\r\n      <li><a href=\"https:\/\/www.gorillagrillz.com\/wp-content\/uploads\/2025\/07\/20250617GGR034R.pdf\" target=\"_blank\" rel=\"noopener\"><span class=\"gg-cert-title\">FORBIDDEN FRUIT<\/span><\/a><\/li>\r\n      <li><a href=\"https:\/\/www.gorillagrillz.com\/wp-content\/uploads\/2025\/07\/20250617GGR037R.pdf\" target=\"_blank\" rel=\"noopener\"><span class=\"gg-cert-title\">LEMON HAZE<\/span><\/a><\/li>\r\n      <li><a href=\"https:\/\/www.gorillagrillz.com\/wp-content\/uploads\/2025\/07\/20250617GGR040R.pdf\" target=\"_blank\" rel=\"noopener\"><span class=\"gg-cert-title\">ZKITTLEZ<\/span><\/a><\/li>\r\n      <li><a href=\"https:\/\/www.gorillagrillz.com\/wp-content\/uploads\/2025\/07\/20250617GGR039R.pdf\" target=\"_blank\" rel=\"noopener\"><span class=\"gg-cert-title\">WEDDING CAKE<\/span><\/a><\/li>\r\n      <li><a href=\"https:\/\/www.gorillagrillz.com\/wp-content\/uploads\/2025\/07\/20250617GGR033R.pdf\" target=\"_blank\" rel=\"noopener\"><span class=\"gg-cert-title\">BUBBLE GUM<\/span><\/a><\/li>\r\n      <li><a href=\"https:\/\/www.gorillagrillz.com\/wp-content\/uploads\/2025\/09\/20250801GGR002R.pdf\" target=\"_blank\" rel=\"noopener\"><span class=\"gg-cert-title\">GRAPE<\/span><\/a><\/li>\r\n      <li><a href=\"https:\/\/www.gorillagrillz.com\/wp-content\/uploads\/2025\/09\/20250801GGR001R.pdf\" target=\"_blank\" rel=\"noopener\"><span class=\"gg-cert-title\">BLUEBERRY<\/span><\/a><\/li>\r\n      <li><a href=\"https:\/\/www.gorillagrillz.com\/wp-content\/uploads\/2025\/09\/20250801GGR003R.pdf\" target=\"_blank\" rel=\"noopener\"><span class=\"gg-cert-title\">STRAWBERRY<\/span><\/a><\/li>\r\n    <\/ul>\r\n  <\/div>\r\n<\/div>\t\t\t\t<\/div>\n\t\t\t\t\t<\/div>\n\t\t\t\t<\/div>\n\t\t<div data-particle_enable=\"false\" data-particle-mobile-disabled=\"false\" class=\"elementor-element elementor-element-9f4eca2 e-flex e-con-boxed e-con e-parent\" data-id=\"9f4eca2\" data-element_type=\"container\" data-e-type=\"container\">\n\t\t\t\t\t<div class=\"e-con-inner\">\n\t\t\t\t\t<\/div>\n\t\t\t\t<\/div>\n\t\t<div data-particle_enable=\"false\" data-particle-mobile-disabled=\"false\" class=\"elementor-element elementor-element-0474af9 e-flex e-con-boxed e-con e-parent\" data-id=\"0474af9\" data-element_type=\"container\" data-e-type=\"container\">\n\t\t\t\t\t<div class=\"e-con-inner\">\n\t\t\t\t\t<\/div>\n\t\t\t\t<\/div>\n\t\t<div data-particle_enable=\"false\" data-particle-mobile-disabled=\"false\" class=\"elementor-element elementor-element-2ee8398 e-flex e-con-boxed e-con e-parent\" data-id=\"2ee8398\" data-element_type=\"container\" data-e-type=\"container\">\n\t\t\t\t\t<div class=\"e-con-inner\">\n\t\t\t\t\t<\/div>\n\t\t\t\t<\/div>\n\t\t<div data-particle_enable=\"false\" data-particle-mobile-disabled=\"false\" class=\"elementor-element elementor-element-f0b25a1 e-flex e-con-boxed e-con e-parent\" data-id=\"f0b25a1\" data-element_type=\"container\" data-e-type=\"container\">\n\t\t\t\t\t<div class=\"e-con-inner\">\n\t\t\t\t\t<\/div>\n\t\t\t\t<\/div>\n\t\t\t\t<\/div>\n\t\t","protected":false},"excerpt":{"rendered":"<p>Certificados Selecione um certificado para o visualizar ou descarreg\u00e1-lo. Flores AMNESIA CBD 47 CHERRY KUSH CBD CRUNCHY BUDS BLUE RIOT CRUNCHY BUDS YELLOW RIOT LEMON HAZE CBD ORANGE COOKIES CBD SMALL BUDS STRAWBERRY CBD TRIM MIX ZKITTLEZ CBD FORBIDDEN FRUIT CBD GELATO CBD GORILLA GRILLZ LEEROY JENKINS BANANA GG CBD WEDDING CAKE CBD ICE ROCK [&hellip;]<\/p>\n","protected":false},"author":1,"featured_media":0,"parent":0,"menu_order":0,"comment_status":"closed","ping_status":"closed","template":"elementor_header_footer","meta":{"_acf_changed":false,"site-sidebar-layout":"default","site-content-layout":"","ast-site-content-layout":"default","site-content-style":"default","site-sidebar-style":"default","ast-global-header-display":"","ast-banner-title-visibility":"","ast-main-header-display":"","ast-hfb-above-header-display":"","ast-hfb-below-header-display":"","ast-hfb-mobile-header-display":"","site-post-title":"","ast-breadcrumbs-content":"","ast-featured-img":"","footer-sml-layout":"","ast-disable-related-posts":"","theme-transparent-header-meta":"default","adv-header-id-meta":"","stick-header-meta":"default","header-above-stick-meta":"","header-main-stick-meta":"","header-below-stick-meta":"","astra-migrate-meta-layouts":"set","ast-page-background-enabled":"default","ast-page-background-meta":{"desktop":{"background-color":"var(--ast-global-color-4)","background-image":"","background-repeat":"repeat","background-position":"center center","background-size":"auto","background-attachment":"scroll","background-type":"","background-media":"","overlay-type":"","overlay-color":"","overlay-opacity":"","overlay-gradient":""},"tablet":{"background-color":"","background-image":"","background-repeat":"repeat","background-position":"center center","background-size":"auto","background-attachment":"scroll","background-type":"","background-media":"","overlay-type":"","overlay-color":"","overlay-opacity":"","overlay-gradient":""},"mobile":{"background-color":"","background-image":"","background-repeat":"repeat","background-position":"center center","background-size":"auto","background-attachment":"scroll","background-type":"","background-media":"","overlay-type":"","overlay-color":"","overlay-opacity":"","overlay-gradient":""}},"ast-content-background-meta":{"desktop":{"background-color":"var(--ast-global-color-5)","background-image":"","background-repeat":"repeat","background-position":"center center","background-size":"auto","background-attachment":"scroll","background-type":"","background-media":"","overlay-type":"","overlay-color":"","overlay-opacity":"","overlay-gradient":""},"tablet":{"background-color":"var(--ast-global-color-5)","background-image":"","background-repeat":"repeat","background-position":"center center","background-size":"auto","background-attachment":"scroll","background-type":"","background-media":"","overlay-type":"","overlay-color":"","overlay-opacity":"","overlay-gradient":""},"mobile":{"background-color":"var(--ast-global-color-5)","background-image":"","background-repeat":"repeat","background-position":"center center","background-size":"auto","background-attachment":"scroll","background-type":"","background-media":"","overlay-type":"","overlay-color":"","overlay-opacity":"","overlay-gradient":""}},"footnotes":""},"class_list":["post-79020","page","type-page","status-publish","hentry"],"acf":[],"_links":{"self":[{"href":"https:\/\/www.gorillagrillz.com\/pt-pt\/wp-json\/wp\/v2\/pages\/79020","targetHints":{"allow":["GET"]}}],"collection":[{"href":"https:\/\/www.gorillagrillz.com\/pt-pt\/wp-json\/wp\/v2\/pages"}],"about":[{"href":"https:\/\/www.gorillagrillz.com\/pt-pt\/wp-json\/wp\/v2\/types\/page"}],"author":[{"embeddable":true,"href":"https:\/\/www.gorillagrillz.com\/pt-pt\/wp-json\/wp\/v2\/users\/1"}],"replies":[{"embeddable":true,"href":"https:\/\/www.gorillagrillz.com\/pt-pt\/wp-json\/wp\/v2\/comments?post=79020"}],"version-history":[{"count":3,"href":"https:\/\/www.gorillagrillz.com\/pt-pt\/wp-json\/wp\/v2\/pages\/79020\/revisions"}],"predecessor-version":[{"id":302973,"href":"https:\/\/www.gorillagrillz.com\/pt-pt\/wp-json\/wp\/v2\/pages\/79020\/revisions\/302973"}],"wp:attachment":[{"href":"https:\/\/www.gorillagrillz.com\/pt-pt\/wp-json\/wp\/v2\/media?parent=79020"}],"curies":[{"name":"wp","href":"https:\/\/api.w.org\/{rel}","templated":true}]}}