
{"id":79002,"date":"2024-01-23T10:55:01","date_gmt":"2024-01-23T10:55:01","guid":{"rendered":"https:\/\/www.gorillagrillz.com\/?page_id=79002"},"modified":"2024-10-09T07:11:59","modified_gmt":"2024-10-09T07:11:59","slug":"pagamentos-remessas-e-devolucoes","status":"publish","type":"page","link":"https:\/\/www.gorillagrillz.com\/pt-pt\/pagamentos-remessas-e-devolucoes\/","title":{"rendered":"Pagamentos, envio e devolu\u00e7\u00f5es."},"content":{"rendered":"\t\t<div data-elementor-type=\"wp-page\" data-elementor-id=\"79002\" class=\"elementor elementor-79002 elementor-5877\" data-elementor-post-type=\"page\">\n\t\t\t\t<div data-particle_enable=\"false\" data-particle-mobile-disabled=\"false\" class=\"elementor-element elementor-element-3fc2fd00 e-flex e-con-boxed e-con e-parent\" data-id=\"3fc2fd00\" data-element_type=\"container\" data-e-type=\"container\" data-settings=\"{&quot;background_background&quot;:&quot;classic&quot;}\">\n\t\t\t\t\t<div class=\"e-con-inner\">\n\t\t\t\t<div class=\"elementor-element elementor-element-702dc936 elementor-widget elementor-widget-text-editor\" data-id=\"702dc936\" data-element_type=\"widget\" data-e-type=\"widget\" data-widget_type=\"text-editor.default\">\n\t\t\t\t\t\t\t\t\t<nav aria-label=\"breadcrumbs\" class=\"rank-math-breadcrumb\"><p><span class=\"last\">Gorilla Grillz CBD online<\/span><\/p><\/nav><div data-column-margin=\"default\" data-midnight=\"dark\"><div data-t-w-inherits=\"default\" data-bg-cover=\"\" data-padding-pos=\"all\" data-has-bg-color=\"false\" data-bg-color=\"\" data-bg-opacity=\"1\" data-hover-bg=\"\" data-hover-bg-opacity=\"1\" data-animation=\"\" data-delay=\"0\"><h2>EXPEDI\u00c7\u00d5ES E DEVOLU\u00c7\u00d5ES<span style=\"color: var( --e-global-color-text ); font-family: var( --e-global-typography-text-font-family ), Sans-serif; font-weight: var( --e-global-typography-text-font-weight ); text-align: var(--text-align); background-color: var(--ast-global-color-5); font-size: 1rem;\">\u00a0<\/span><\/h2><div data-icon-color=\"default\" data-icon-style=\"border\" data-columns=\"3\" data-direction=\"vertical\" data-icon-size=\"small\" data-animate=\"\"><div><div><h4>ENVIO GRATUITO PARA ENCOMENDAS SUPERIORES A 50 EUROS.<\/h4><p>Os portes de envio s\u00e3o gratuitos para encomendas superiores a 50 euros. O custo de envio para uma encomenda inferior a 50\u20ac \u00e9 de 5\u20ac.<\/p><p><span style=\"font-style: inherit; font-weight: inherit; color: var( --e-global-color-text ); font-family: var( --e-global-typography-text-font-family ), Sans-serif; text-align: var(--text-align); background-color: var(--ast-global-color-5);\">*ENTREGA AO S\u00c1BADO: Este \u00e9 um m\u00e9todo de envio gratuito para encomendas superiores a 75\u20ac. Para encomendas inferiores a 75\u20ac, tem um custo de 10\u20ac. Dispon\u00edvel apenas \u00e0s quintas e sextas-feiras.<\/span><\/p><\/div><\/div><div><div data-icon_type=\"icon\">\u00a0<\/div><div><h4>NAVIOS PARA ESPANHA (Ilhas Baleares inclu\u00eddas) e PORTUGAL.<\/h4><p>Enviamos para Espanha continental e Ilhas Baleares&#8230; Inform\u00e1-lo-emos quando pudermos regressar \u00e0s Ilhas Can\u00e1rias, Melilla e Ceuta!.\u00a0<\/p><p><span style=\"font-style: inherit; font-weight: inherit; color: var( --e-global-color-text ); font-family: var( --e-global-typography-text-font-family ), Sans-serif; text-align: var(--text-align); background-color: var(--ast-global-color-5);\">Envios em 24-48 horas. Dias \u00fateis. Em \u00e9pocas de grande procura, como a Black Friday ou o Natal, as ag\u00eancias de transporte podem sofrer atrasos nas entregas.<\/span><\/p><\/div><\/div><div><div data-icon_type=\"icon\">\u00a0<\/div><div><h4><span style=\"font-size: 24px;\">DEVOLU\u00c7\u00d5ES<\/span><\/h4><h4><span style=\"color: #7a7a7a;\"><span style=\"font-size: 16px; font-weight: 400;\">Se detetar algum problema ap\u00f3s a rece\u00e7\u00e3o da sua encomenda, contacte-nos no prazo de 24 horas atrav\u00e9s do endere\u00e7o hola@gorillagrillz.com.<\/span><\/span><\/h4><\/div><\/div><div><div data-icon_type=\"icon\">\u00a0<\/div><div><h4><span style=\"font-size: 24px;\">ENTREGAS AO S\u00c1BADO<\/span><\/h4><p>Pode escolher a op\u00e7\u00e3o de entrega ao s\u00e1bado para as encomendas efectuadas entre as 17h00 de quinta-feira e as 17h00 de sexta-feira.<br \/>Este m\u00e9todo de entrega \u00e9 gratuito para encomendas superiores a 75\u20ac. Para encomendas inferiores a 75\u20ac, o custo \u00e9 de 10\u20ac.<\/p><\/div><\/div><div><div data-icon_type=\"icon\">\u00a0<\/div><div><h4>ENVIOS AT\u00c9 AO PONTO DE ENTREGA<\/h4><p>Se for mais conveniente para si, devido aos hor\u00e1rios ou \u00e0 zona onde vive, tem a op\u00e7\u00e3o de enviar para um ponto de entrega. Pode escolher entre os pontos de entrega NACEX (https:\/\/www.nacex.es\/irCerca.do) ou MRW (https:\/\/pointmap.mrw.es). Com Correos express, s\u00f3 \u00e9 poss\u00edvel para encomendas pagas com cart\u00e3o de cr\u00e9dito ou transfer\u00eancia banc\u00e1ria.<br \/>Por favor, escreva nas notas de encomenda indicando o ponto de entrega e a ag\u00eancia de transporte.<\/p><\/div><\/div><\/div><\/div><\/div><div data-column-margin=\"default\" data-midnight=\"dark\"><div data-bg-animation=\"none\" data-bg-overlay=\"false\"><div><div>\u00a0<\/div><\/div><div>\u00a0<\/div><\/div><div><div data-t-w-inherits=\"default\" data-bg-cover=\"\" data-padding-pos=\"all\" data-has-bg-color=\"false\" data-bg-color=\"\" data-bg-opacity=\"1\" data-hover-bg=\"\" data-hover-bg-opacity=\"1\" data-animation=\"\" data-delay=\"0\"><div data-bg-animation=\"none\"><div>\u00a0<\/div><\/div><div><div data-alignment=\"default\"><div>\u00a0<\/div><\/div><h2>M\u00c9TODOS DE PAGAMENTO<\/h2><div data-icon-color=\"default\" data-icon-style=\"border\" data-columns=\"3\" data-direction=\"vertical\" data-icon-size=\"small\" data-animate=\"\"><div><div data-icon_type=\"icon\">\u00a0<\/div><div><h4>Pagamento com cart\u00e3o<\/h4><p>Efectue o seu pagamento seguro com cart\u00e3o de d\u00e9bito\/cr\u00e9dito. N\u00e3o se esque\u00e7a de completar o duplo controlo banc\u00e1rio.<\/p><\/div><\/div><div><div data-icon_type=\"icon\">\u00a0<\/div><div><h4>TRANSFER\u00caNCIA<\/h4><p>Depois de ter conclu\u00eddo a sua encomenda, efectue o pagamento por transfer\u00eancia banc\u00e1ria. Se preferir pagar por bizum, contacte-nos.<\/p><\/div><\/div><div><div data-icon_type=\"icon\">\u00a0<\/div><div><h4>CONTRA-REEMBOLSO<\/h4><p>Escolha pagar em m\u00e3o quando receber a sua encomenda! N\u00e3o se esque\u00e7a de ter o montante exato para a pessoa que faz a entrega. Neste momento, a entrega \u00e9 gratuita para si, n\u00f3s suportamos os custos da empresa de entregas.<\/p><\/div><\/div><\/div><\/div><\/div><\/div><\/div><div data-column-margin=\"default\" data-midnight=\"dark\"><div data-bg-animation=\"none\" data-bg-overlay=\"false\"><div><div>\u00a0<\/div><\/div><div>\u00a0<\/div><\/div><div><div data-t-w-inherits=\"default\" data-bg-cover=\"\" data-padding-pos=\"all\" data-has-bg-color=\"false\" data-bg-color=\"\" data-bg-opacity=\"1\" data-hover-bg=\"\" data-hover-bg-opacity=\"1\" data-animation=\"\" data-delay=\"0\"><div data-bg-animation=\"none\"><div>\u00a0<\/div><\/div><div><div data-alignment=\"default\"><div>\u00a0<\/div><\/div><h2>APOIO E DEVOLU\u00c7\u00d5ES<\/h2><div><p>Se detetar algum problema quando receber a sua encomenda, contacte-nos no prazo de 24 horas atrav\u00e9s de hola@gorillagrillz.com.<\/p><p>Oferecemos apoio online personalizado atrav\u00e9s do chat online do WhatsApp, que pode ser encontrado no canto inferior direito. Um membro da equipa do Gorilla Grillz ir\u00e1 gui\u00e1-lo durante a sua compra ou fornecer uma solu\u00e7\u00e3o para qualquer problema que possa ter.<\/p><\/div><\/div><\/div><\/div><\/div>\t\t\t\t\t\t\t\t<\/div>\n\t\t\t\t\t<\/div>\n\t\t\t\t<\/div>\n\t\t\t\t<\/div>\n\t\t","protected":false},"excerpt":{"rendered":"<p>EXPEDI\u00c7\u00d5ES E DEVOLU\u00c7\u00d5ES\u00a0 ENVIO GRATUITO PARA ENCOMENDAS SUPERIORES A 50 EUROS. Os portes de envio s\u00e3o gratuitos para encomendas superiores a 50 euros. O custo de envio para uma encomenda inferior a 50\u20ac \u00e9 de 5\u20ac. *ENTREGA AO S\u00c1BADO: Este \u00e9 um m\u00e9todo de envio gratuito para encomendas superiores a 75\u20ac. Para encomendas inferiores a [&hellip;]<\/p>\n","protected":false},"author":37,"featured_media":0,"parent":0,"menu_order":0,"comment_status":"closed","ping_status":"closed","template":"elementor_header_footer","meta":{"_acf_changed":false,"site-sidebar-layout":"default","site-content-layout":"","ast-site-content-layout":"default","site-content-style":"default","site-sidebar-style":"default","ast-global-header-display":"","ast-banner-title-visibility":"","ast-main-header-display":"","ast-hfb-above-header-display":"","ast-hfb-below-header-display":"","ast-hfb-mobile-header-display":"","site-post-title":"","ast-breadcrumbs-content":"","ast-featured-img":"","footer-sml-layout":"","ast-disable-related-posts":"","theme-transparent-header-meta":"","adv-header-id-meta":"","stick-header-meta":"","header-above-stick-meta":"","header-main-stick-meta":"","header-below-stick-meta":"","astra-migrate-meta-layouts":"default","ast-page-background-enabled":"default","ast-page-background-meta":{"desktop":{"background-color":"var(--ast-global-color-4)","background-image":"","background-repeat":"repeat","background-position":"center center","background-size":"auto","background-attachment":"scroll","background-type":"","background-media":"","overlay-type":"","overlay-color":"","overlay-opacity":"","overlay-gradient":""},"tablet":{"background-color":"","background-image":"","background-repeat":"repeat","background-position":"center center","background-size":"auto","background-attachment":"scroll","background-type":"","background-media":"","overlay-type":"","overlay-color":"","overlay-opacity":"","overlay-gradient":""},"mobile":{"background-color":"","background-image":"","background-repeat":"repeat","background-position":"center center","background-size":"auto","background-attachment":"scroll","background-type":"","background-media":"","overlay-type":"","overlay-color":"","overlay-opacity":"","overlay-gradient":""}},"ast-content-background-meta":{"desktop":{"background-color":"var(--ast-global-color-5)","background-image":"","background-repeat":"repeat","background-position":"center center","background-size":"auto","background-attachment":"scroll","background-type":"","background-media":"","overlay-type":"","overlay-color":"","overlay-opacity":"","overlay-gradient":""},"tablet":{"background-color":"var(--ast-global-color-5)","background-image":"","background-repeat":"repeat","background-position":"center center","background-size":"auto","background-attachment":"scroll","background-type":"","background-media":"","overlay-type":"","overlay-color":"","overlay-opacity":"","overlay-gradient":""},"mobile":{"background-color":"var(--ast-global-color-5)","background-image":"","background-repeat":"repeat","background-position":"center center","background-size":"auto","background-attachment":"scroll","background-type":"","background-media":"","overlay-type":"","overlay-color":"","overlay-opacity":"","overlay-gradient":""}},"footnotes":""},"class_list":["post-79002","page","type-page","status-publish","hentry"],"acf":[],"_links":{"self":[{"href":"https:\/\/www.gorillagrillz.com\/pt-pt\/wp-json\/wp\/v2\/pages\/79002","targetHints":{"allow":["GET"]}}],"collection":[{"href":"https:\/\/www.gorillagrillz.com\/pt-pt\/wp-json\/wp\/v2\/pages"}],"about":[{"href":"https:\/\/www.gorillagrillz.com\/pt-pt\/wp-json\/wp\/v2\/types\/page"}],"author":[{"embeddable":true,"href":"https:\/\/www.gorillagrillz.com\/pt-pt\/wp-json\/wp\/v2\/users\/37"}],"replies":[{"embeddable":true,"href":"https:\/\/www.gorillagrillz.com\/pt-pt\/wp-json\/wp\/v2\/comments?post=79002"}],"version-history":[{"count":0,"href":"https:\/\/www.gorillagrillz.com\/pt-pt\/wp-json\/wp\/v2\/pages\/79002\/revisions"}],"wp:attachment":[{"href":"https:\/\/www.gorillagrillz.com\/pt-pt\/wp-json\/wp\/v2\/media?parent=79002"}],"curies":[{"name":"wp","href":"https:\/\/api.w.org\/{rel}","templated":true}]}}