
{"id":183284,"date":"2025-01-14T01:37:39","date_gmt":"2025-01-14T01:37:39","guid":{"rendered":"https:\/\/www.gorillagrillz.com\/vaper-barato\/"},"modified":"2025-01-14T01:38:33","modified_gmt":"2025-01-14T01:38:33","slug":"vaper-barato","status":"publish","type":"page","link":"https:\/\/www.gorillagrillz.com\/pt-pt\/vaper-barato\/","title":{"rendered":"Vaper barato"},"content":{"rendered":"\t\t<div data-elementor-type=\"wp-page\" data-elementor-id=\"183284\" class=\"elementor elementor-183284 elementor-44800\" data-elementor-post-type=\"page\">\n\t\t\t\t<div data-particle_enable=\"false\" data-particle-mobile-disabled=\"false\" class=\"elementor-element elementor-element-a8a7652 e-con-full anchomaximo e-flex e-con e-parent\" data-id=\"a8a7652\" data-element_type=\"container\" data-e-type=\"container\">\n\t\t\t\t<div class=\"elementor-element elementor-element-c58c5f7 elementor-widget elementor-widget-heading\" data-id=\"c58c5f7\" data-element_type=\"widget\" data-e-type=\"widget\" data-widget_type=\"heading.default\">\n\t\t\t\t\t<h1 class=\"elementor-heading-title elementor-size-default\">Vaper barato<\/h1>\t\t\t\t<\/div>\n\t\t\t\t<div class=\"elementor-element elementor-element-665b421 elementor-widget elementor-widget-text-editor\" data-id=\"665b421\" data-element_type=\"widget\" data-e-type=\"widget\" data-widget_type=\"text-editor.default\">\n\t\t\t\t\t\t\t\t\t<nav aria-label=\"breadcrumbs\" class=\"rank-math-breadcrumb\"><p><span class=\"last\">Gorilla Grillz CBD online<\/span><\/p><\/nav>\n\t\t\t\t\t\t\t\t<\/div>\n\t\t\t\t<\/div>\n\t\t<div data-particle_enable=\"false\" data-particle-mobile-disabled=\"false\" class=\"elementor-element elementor-element-b0272c1 e-con-full anchomaximo e-flex e-con e-parent\" data-id=\"b0272c1\" data-element_type=\"container\" data-e-type=\"container\">\n\t\t\t\t<\/div>\n\t\t<div data-particle_enable=\"false\" data-particle-mobile-disabled=\"false\" class=\"elementor-element elementor-element-372a4968 e-con-full contenidocategorias e-flex e-con e-parent\" data-id=\"372a4968\" data-element_type=\"container\" data-e-type=\"container\" data-settings=\"{&quot;background_background&quot;:&quot;classic&quot;}\">\n\t\t\t\t<div class=\"elementor-element elementor-element-73ac1d4c elementor-widget elementor-widget-text-editor\" data-id=\"73ac1d4c\" data-element_type=\"widget\" data-e-type=\"widget\" data-widget_type=\"text-editor.default\">\n\t\t\t\t\t\t\t\t\t<p><span style=\"color: #000000; font-size: 2rem; font-style: inherit; font-weight: 600; font-family: var( --e-global-typography-text-font-family ), Sans-serif; text-align: var(--text-align); background-color: var(--ast-global-color-5);\">Quanto custa o vape mais barato?<\/span><\/p>\n<p><span style=\"color: #000000;\">Os <strong>vapes<\/strong> econ\u00f4micos e descart\u00e1veis representam a escolha mais inteligente para levar seu sabor favorito com voc\u00ea sem se preocupar. Esque\u00e7a de se preocupar com danos ou perdas durante sua viagem. O verdadeiro investimento \u00e9 aquele que simplifica sua vida e o liberta de preocupa\u00e7\u00f5es, e um vape barato pode oferecer isso e muito mais.  <\/span><\/p>\n<p><span style=\"color: #000000;\">Recomendamos nossos <strong>pacotes de vape<\/strong> , pois s\u00e3o mais baratos a longo prazo do que compr\u00e1-los separadamente.<\/span><\/p>\n<p><span style=\"color: #000000;\"><strong>Lembramos que o uso deste tipo de vape destina-se apenas \u00e0 coleta ou aromaterapia.<\/strong><\/span><\/p>\n<h2><span style=\"color: #000000;\">Como escolher um vaper barato e eficiente?<\/span><\/h2>\n<p><span style=\"color: #000000;\">A decis\u00e3o de optar por um vape acess\u00edvel e eficaz torna-se surpreendentemente simples ao explorar a sele\u00e7\u00e3o que o <strong>Gorilla Grillz<\/strong> oferece nesta se\u00e7\u00e3o. Aqui, reunimos uma ampla gama de op\u00e7\u00f5es de vape econ\u00f4micas, todas caracterizadas por <strong>excelente qualidade<\/strong> e projetadas para fornecer a voc\u00ea uma experi\u00eancia de vaping ideal sem nenhum gasto significativo. <\/span><\/p>\n<p><span style=\"color: #000000;\">O que exatamente isso implica? Simplificando, voc\u00ea pode selecionar qualquer um dos cigarros eletr\u00f4nicos econ\u00f4micos listados em nossa lista sem problemas ou dilemas sobre qual \u00e9 a melhor escolha. No entanto, se voc\u00ea tiver d\u00favidas, sempre poder\u00e1 recorrer \u00e0 sabedoria da comunidade em <strong>f\u00f3runs, m\u00eddias sociais ou an\u00e1lises de produtos<\/strong> para obter recomenda\u00e7\u00f5es adicionais.  <\/span><\/p>\n<h2><span style=\"color: #000000;\">Gorilla Grillz: vaper barato e f\u00e1cil de usar<\/span><\/h2>\n<p><span style=\"color: #000000;\">Na Gorilla Grillz, nosso compromisso com a excel\u00eancia do produto \u00e9 inabal\u00e1vel. Estamos sempre nos esfor\u00e7ando para fornecer aos nossos clientes <strong>produtos de alta qualidade<\/strong> no mundo do vaping, e isso se reflete em nosso cat\u00e1logo. <\/span><\/p>\n<p><span style=\"color: #000000;\">\u00c0s vezes, nos encontramos com <strong>excedentes<\/strong>, queremos <strong>renovar nosso estoque<\/strong> ou simplesmente queremos que voc\u00ea explore novos sabores de vaping a pre\u00e7os acess\u00edveis, convidando-o a se aventurar em nosso site.<\/span><\/p>\n<p><span style=\"color: #000000;\">\u00c9 precisamente nessas ofertas de vaping que a oportunidade perfeita se apresenta para voc\u00ea explorar produtos que talvez n\u00e3o tenha considerado antes. Em nossa se\u00e7\u00e3o de vaping, estamos sempre focados em fornecer a voc\u00ea o melhor com o <strong>pre\u00e7o mais competitivo do mercado<\/strong>. <\/span><\/p>\n\t\t\t\t\t\t\t\t<\/div>\n\t\t\t\t<\/div>\n\t\t<div data-particle_enable=\"false\" data-particle-mobile-disabled=\"false\" class=\"elementor-element elementor-element-92a0d4e box3 e-flex e-con-boxed e-con e-parent\" data-id=\"92a0d4e\" data-element_type=\"container\" data-e-type=\"container\" data-settings=\"{&quot;background_background&quot;:&quot;classic&quot;}\">\n\t\t\t\t\t<div class=\"e-con-inner\">\n\t\t<div data-particle_enable=\"false\" data-particle-mobile-disabled=\"false\" class=\"elementor-element elementor-element-633068a e-flex e-con-boxed e-con e-child\" data-id=\"633068a\" data-element_type=\"container\" data-e-type=\"container\">\n\t\t\t\t\t<div class=\"e-con-inner\">\n\t\t\t\t<div class=\"elementor-element elementor-element-bcd3f49 elementor-widget elementor-widget-heading\" data-id=\"bcd3f49\" data-element_type=\"widget\" data-e-type=\"widget\" data-widget_type=\"heading.default\">\n\t\t\t\t\t<h2 class=\"elementor-heading-title elementor-size-default\">Saiba mais sobre vapers baratos<\/h2>\t\t\t\t<\/div>\n\t\t\t\t\t<\/div>\n\t\t\t\t<\/div>\n\t\t\t\t\t<\/div>\n\t\t\t\t<\/div>\n\t\t\t\t<\/div>\n\t\t","protected":false},"excerpt":{"rendered":"<p>Vaper barato Quanto custa o vape mais barato? Os vapes econ\u00f4micos e descart\u00e1veis representam a escolha mais inteligente para levar seu sabor favorito com voc\u00ea sem se preocupar. Esque\u00e7a de se preocupar com danos ou perdas durante sua viagem. O verdadeiro investimento \u00e9 aquele que simplifica sua vida e o liberta de preocupa\u00e7\u00f5es, e um [&hellip;]<\/p>\n","protected":false},"author":37,"featured_media":183285,"parent":0,"menu_order":0,"comment_status":"closed","ping_status":"closed","template":"elementor_header_footer","meta":{"_acf_changed":false,"site-sidebar-layout":"default","site-content-layout":"","ast-site-content-layout":"default","site-content-style":"default","site-sidebar-style":"default","ast-global-header-display":"","ast-banner-title-visibility":"","ast-main-header-display":"","ast-hfb-above-header-display":"","ast-hfb-below-header-display":"","ast-hfb-mobile-header-display":"","site-post-title":"","ast-breadcrumbs-content":"","ast-featured-img":"","footer-sml-layout":"","ast-disable-related-posts":"","theme-transparent-header-meta":"default","adv-header-id-meta":"","stick-header-meta":"default","header-above-stick-meta":"","header-main-stick-meta":"","header-below-stick-meta":"","astra-migrate-meta-layouts":"default","ast-page-background-enabled":"default","ast-page-background-meta":{"desktop":{"background-color":"var(--ast-global-color-4)","background-image":"","background-repeat":"repeat","background-position":"center center","background-size":"auto","background-attachment":"scroll","background-type":"","background-media":"","overlay-type":"","overlay-color":"","overlay-opacity":"","overlay-gradient":""},"tablet":{"background-color":"","background-image":"","background-repeat":"repeat","background-position":"center center","background-size":"auto","background-attachment":"scroll","background-type":"","background-media":"","overlay-type":"","overlay-color":"","overlay-opacity":"","overlay-gradient":""},"mobile":{"background-color":"","background-image":"","background-repeat":"repeat","background-position":"center center","background-size":"auto","background-attachment":"scroll","background-type":"","background-media":"","overlay-type":"","overlay-color":"","overlay-opacity":"","overlay-gradient":""}},"ast-content-background-meta":{"desktop":{"background-color":"var(--ast-global-color-5)","background-image":"","background-repeat":"repeat","background-position":"center center","background-size":"auto","background-attachment":"scroll","background-type":"","background-media":"","overlay-type":"","overlay-color":"","overlay-opacity":"","overlay-gradient":""},"tablet":{"background-color":"var(--ast-global-color-5)","background-image":"","background-repeat":"repeat","background-position":"center center","background-size":"auto","background-attachment":"scroll","background-type":"","background-media":"","overlay-type":"","overlay-color":"","overlay-opacity":"","overlay-gradient":""},"mobile":{"background-color":"var(--ast-global-color-5)","background-image":"","background-repeat":"repeat","background-position":"center center","background-size":"auto","background-attachment":"scroll","background-type":"","background-media":"","overlay-type":"","overlay-color":"","overlay-opacity":"","overlay-gradient":""}},"footnotes":""},"class_list":["post-183284","page","type-page","status-publish","has-post-thumbnail","hentry"],"acf":[],"_links":{"self":[{"href":"https:\/\/www.gorillagrillz.com\/pt-pt\/wp-json\/wp\/v2\/pages\/183284","targetHints":{"allow":["GET"]}}],"collection":[{"href":"https:\/\/www.gorillagrillz.com\/pt-pt\/wp-json\/wp\/v2\/pages"}],"about":[{"href":"https:\/\/www.gorillagrillz.com\/pt-pt\/wp-json\/wp\/v2\/types\/page"}],"author":[{"embeddable":true,"href":"https:\/\/www.gorillagrillz.com\/pt-pt\/wp-json\/wp\/v2\/users\/37"}],"replies":[{"embeddable":true,"href":"https:\/\/www.gorillagrillz.com\/pt-pt\/wp-json\/wp\/v2\/comments?post=183284"}],"version-history":[{"count":0,"href":"https:\/\/www.gorillagrillz.com\/pt-pt\/wp-json\/wp\/v2\/pages\/183284\/revisions"}],"wp:featuredmedia":[{"embeddable":true,"href":"https:\/\/www.gorillagrillz.com\/pt-pt\/wp-json\/wp\/v2\/media\/183285"}],"wp:attachment":[{"href":"https:\/\/www.gorillagrillz.com\/pt-pt\/wp-json\/wp\/v2\/media?parent=183284"}],"curies":[{"name":"wp","href":"https:\/\/api.w.org\/{rel}","templated":true}]}}